{"id":308,"date":"2019-08-02T06:23:05","date_gmt":"2019-08-02T06:23:05","guid":{"rendered":"http:\/\/medify.wgl-demo.net\/?page_id=308"},"modified":"2024-02-26T12:36:41","modified_gmt":"2024-02-26T12:36:41","slug":"hakkimizda","status":"publish","type":"page","link":"https:\/\/sanatplastik.com\/en\/hakkimizda\/","title":{"rendered":"About"},"content":{"rendered":"<div data-elementor-type=\"wp-post\" data-elementor-id=\"308\" class=\"elementor elementor-308\">\n\t\t\t\t\t\t<div class=\"elementor-inner\">\n\t\t\t\t<div class=\"elementor-section-wrap\">\n\t\t\t\t\t\t\t\t\t<section class=\"elementor-section elementor-top-section elementor-element elementor-element-9588332 elementor-section-boxed elementor-section-height-default elementor-section-height-default\" data-id=\"9588332\" data-element_type=\"section\">\n\t\t\t\t\t\t<div class=\"elementor-container elementor-column-gap-default\">\n\t\t\t\t\t\t\t<div class=\"elementor-row\">\n\t\t\t\t\t<div class=\"elementor-column elementor-col-100 elementor-top-column elementor-element elementor-element-fc5abae\" data-id=\"fc5abae\" data-element_type=\"column\">\n\t\t\t<div class=\"elementor-column-wrap elementor-element-populated\">\n\t\t\t\t\t\t\t<div class=\"elementor-widget-wrap\">\n\t\t\t\t\t\t<div class=\"elementor-element elementor-element-be8dfba elementor-widget elementor-widget-spacer\" data-id=\"be8dfba\" data-element_type=\"widget\" data-widget_type=\"spacer.default\">\n\t\t\t\t<div class=\"elementor-widget-container\">\n\t\t\t<style>\/*! elementor - v3.10.1 - 17-01-2023 *\/\n.elementor-column .elementor-spacer-inner{height:var(--spacer-size)}.e-con{--container-widget-width:100%}.e-con-inner>.elementor-widget-spacer,.e-con>.elementor-widget-spacer{width:var(--container-widget-width,var(--spacer-size));--align-self:var(--container-widget-align-self,initial);--flex-shrink:0}.e-con-inner>.elementor-widget-spacer>.elementor-widget-container,.e-con-inner>.elementor-widget-spacer>.elementor-widget-container>.elementor-spacer,.e-con>.elementor-widget-spacer>.elementor-widget-container,.e-con>.elementor-widget-spacer>.elementor-widget-container>.elementor-spacer{height:100%}.e-con-inner>.elementor-widget-spacer>.elementor-widget-container>.elementor-spacer>.elementor-spacer-inner,.e-con>.elementor-widget-spacer>.elementor-widget-container>.elementor-spacer>.elementor-spacer-inner{height:var(--container-widget-height,var(--spacer-size))}<\/style>\t\t<div class=\"elementor-spacer\">\n\t\t\t<div class=\"elementor-spacer-inner\"><\/div>\n\t\t<\/div>\n\t\t\t\t<\/div>\n\t\t\t\t<\/div>\n\t\t\t\t\t\t<\/div>\n\t\t\t\t\t<\/div>\n\t\t<\/div>\n\t\t\t\t\t\t\t\t<\/div>\n\t\t\t\t\t<\/div>\n\t\t<\/section>\n\t\t\t\t<section class=\"elementor-section elementor-top-section elementor-element elementor-element-8936afd elementor-section-boxed elementor-section-height-default elementor-section-height-default\" data-id=\"8936afd\" data-element_type=\"section\">\n\t\t\t\t\t\t<div class=\"elementor-container elementor-column-gap-default\">\n\t\t\t\t\t\t\t<div class=\"elementor-row\">\n\t\t\t\t\t<div class=\"elementor-column elementor-col-50 elementor-top-column elementor-element elementor-element-2420381\" data-id=\"2420381\" data-element_type=\"column\">\n\t\t\t<div class=\"elementor-column-wrap elementor-element-populated\">\n\t\t\t\t\t\t\t<div class=\"elementor-widget-wrap\">\n\t\t\t\t\t\t<div class=\"elementor-element elementor-element-4a44c05 elementor-widget elementor-widget-spacer\" data-id=\"4a44c05\" data-element_type=\"widget\" data-widget_type=\"spacer.default\">\n\t\t\t\t<div class=\"elementor-widget-container\">\n\t\t\t\t\t<div class=\"elementor-spacer\">\n\t\t\t<div class=\"elementor-spacer-inner\"><\/div>\n\t\t<\/div>\n\t\t\t\t<\/div>\n\t\t\t\t<\/div>\n\t\t\t\t<div class=\"elementor-element elementor-element-e7c0f14 elementor-widget elementor-widget-wgl-image-layers\" data-id=\"e7c0f14\" data-element_type=\"widget\" data-widget_type=\"wgl-image-layers.default\">\n\t\t\t\t<div class=\"elementor-widget-container\">\n\t\t\t<div class=\"wgl-image-layers\"><div class=\"img-layer_image-wrapper slide_right\" style=\"z-index: 2\">\n                <div class=\"img-layer_item\" style=\"transform: translate(0%, 0%);\">\n                    <div class=\"img-layer_image\" style=\"transition: all 800ms; transition-delay: 600ms;\">\n                        <img decoding=\"async\" src=\"https:\/\/sanatplastik.com\/wp-content\/uploads\/2024\/02\/hakkimizda.jpg\" alt=\"hakkimizda\" \/>\n                    <\/div>\n                <\/div>\n            <\/div> <\/div>\t\t<\/div>\n\t\t\t\t<\/div>\n\t\t\t\t<div class=\"elementor-element elementor-element-870f069 elementor-widget elementor-widget-spacer\" data-id=\"870f069\" data-element_type=\"widget\" data-widget_type=\"spacer.default\">\n\t\t\t\t<div class=\"elementor-widget-container\">\n\t\t\t\t\t<div class=\"elementor-spacer\">\n\t\t\t<div class=\"elementor-spacer-inner\"><\/div>\n\t\t<\/div>\n\t\t\t\t<\/div>\n\t\t\t\t<\/div>\n\t\t\t\t\t\t<\/div>\n\t\t\t\t\t<\/div>\n\t\t<\/div>\n\t\t\t\t<div class=\"elementor-column elementor-col-50 elementor-top-column elementor-element elementor-element-43b691b\" data-id=\"43b691b\" data-element_type=\"column\">\n\t\t\t<div class=\"elementor-column-wrap elementor-element-populated\">\n\t\t\t\t\t\t\t<div class=\"elementor-widget-wrap\">\n\t\t\t\t\t\t<div class=\"elementor-element elementor-element-f3d4f96 elementor-widget elementor-widget-wgl-double-headings\" data-id=\"f3d4f96\" data-element_type=\"widget\" data-widget_type=\"wgl-double-headings.default\">\n\t\t\t\t<div class=\"elementor-widget-container\">\n\t\t\t<div class=\"wgl-double_heading aleft\"><div class=\"dbl-subtitle\"><span>SANAT PLASTIK<\/span><\/div>                <h3 class=\"dbl-title_wrapper\"><span class=\"dbl-title dbl-title_1\">About<\/span>                 <\/h3>        <\/div>\t\t<\/div>\n\t\t\t\t<\/div>\n\t\t\t\t<div class=\"elementor-element elementor-element-299f54f elementor-widget elementor-widget-text-editor\" data-id=\"299f54f\" data-element_type=\"widget\" data-widget_type=\"text-editor.default\">\n\t\t\t\t<div class=\"elementor-widget-container\">\n\t\t\t<style>\/*! elementor - v3.10.1 - 17-01-2023 *\/\n.elementor-widget-text-editor.elementor-drop-cap-view-stacked .elementor-drop-cap{background-color:#818a91;color:#fff}.elementor-widget-text-editor.elementor-drop-cap-view-framed .elementor-drop-cap{color:#818a91;border:3px solid;background-color:transparent}.elementor-widget-text-editor:not(.elementor-drop-cap-view-default) .elementor-drop-cap{margin-top:8px}.elementor-widget-text-editor:not(.elementor-drop-cap-view-default) .elementor-drop-cap-letter{width:1em;height:1em}.elementor-widget-text-editor .elementor-drop-cap{float:left;text-align:center;line-height:1;font-size:50px}.elementor-widget-text-editor .elementor-drop-cap-letter{display:inline-block}<\/style>\t\t\t\t\t<div class=\"elementor-text-editor elementor-clearfix\">\n\t\t\t\t<p style=\"text-align: justify;\"><span>Sanat Plastic&amp;Tool Manufacture Company was established in 2010 acts on automotive and home appliance industry. Shareholders of the company have great experience on plastic injection and tool manufacturing for more than 30 years. Thus, Sanat Plastik Kal\u0131p Company is well-known in the automotive and home appliance industry. Customer Satisfaction in the most important factor in their work discipline It serves to large scaled and multi-national companies.\u00a0<\/span><\/p>\t\t\t\t\t<\/div>\n\t\t\t\t\t\t<\/div>\n\t\t\t\t<\/div>\n\t\t\t\t<div class=\"elementor-element elementor-element-0ea1991 elementor-widget elementor-widget-wgl-double-headings\" data-id=\"0ea1991\" data-element_type=\"widget\" data-widget_type=\"wgl-double-headings.default\">\n\t\t\t\t<div class=\"elementor-widget-container\">\n\t\t\t<div class=\"wgl-double_heading aleft\">                <h5 class=\"dbl-title_wrapper\"><span class=\"dbl-title dbl-title_1\">Sekt\u00f6rler & Hizmetler<\/span>                 <\/h5>        <\/div>\t\t<\/div>\n\t\t\t\t<\/div>\n\t\t\t\t<div class=\"elementor-element elementor-element-1314422 elementor-widget elementor-widget-text-editor\" data-id=\"1314422\" data-element_type=\"widget\" data-widget_type=\"text-editor.default\">\n\t\t\t\t<div class=\"elementor-widget-container\">\n\t\t\t\t\t\t\t\t<div class=\"elementor-text-editor elementor-clearfix\">\n\t\t\t\t<p style=\"text-align: justify;\"><span>Firma temelde iki ana sekt\u00f6re hizmet vermektedir. Bunlar, otomotiv ve Beyaz E\u015fya Sekt\u00f6rleridir. \u00d6zel ama\u00e7l\u0131 makine tasar\u0131m ve imalatlar\u0131 da d\u00fc\u015f\u00fcn\u00fcld\u00fc\u011f\u00fcnde daha farkl\u0131 end\u00fcstrilerle de ba\u015far\u0131 ile \u00e7al\u0131\u015fmaktad\u0131rlar. Firmam\u0131z\u0131n\u00a0geni\u015f bir m\u00fc\u015fteri gam\u0131 mevcuttur. Bu da firmam\u0131z\u0131n iyi bilinirlili\u011fini ve tercih edilirlili\u011fini art\u0131ran bir etmen olmu\u015ftur.\u00a0Belli ba\u015fl\u0131 \u00fcretim ve hizmetleri a\u015fa\u011f\u0131daki gibidir:\u00a0<\/span><\/p>\t\t\t\t\t<\/div>\n\t\t\t\t\t\t<\/div>\n\t\t\t\t<\/div>\n\t\t\t\t<div class=\"elementor-element elementor-element-eec272c elementor-widget elementor-widget-text-editor\" data-id=\"eec272c\" data-element_type=\"widget\" data-widget_type=\"text-editor.default\">\n\t\t\t\t<div class=\"elementor-widget-container\">\n\t\t\t\t\t\t\t\t<div class=\"elementor-text-editor elementor-clearfix\">\n\t\t\t\t<ul class=\"medify_check\"><li><span>Plastik Enjeksiyon \u00dcretimi<\/span><\/li><li><span>Plastik Enjeksiyon Kal\u0131p Tasar\u0131m ve \u0130malat\u0131<\/span><\/li><li><span>\u015ei\u015firme Kal\u0131b\u0131\u00a0Tasar\u0131m ve \u0130malat\u0131<\/span><\/li><li><span>Kesme Kal\u0131plar\u0131 Tasar\u0131m ve \u0130malat\u0131<\/span><\/li><li><span>\u015ei\u015firme Makinesi Tasar\u0131m ve \u0130malat\u0131<\/span><\/li><li><span>Otomotiv Kontrol Fikst\u00fcrleri<\/span><\/li><li><span>POKE YOKE Uygulamalar\u0131<\/span><\/li><li><span>Ultrasonik Kaynak Uygulamalar\u0131<\/span><\/li><li><span>Otomasyon Konvey\u00f6r Uygulamalar\u0131<\/span><\/li><li><span>Otomotiv Tampon Uygulamalar\u0131\u00a0<\/span><\/li><\/ul>\t\t\t\t\t<\/div>\n\t\t\t\t\t\t<\/div>\n\t\t\t\t<\/div>\n\t\t\t\t\t\t<\/div>\n\t\t\t\t\t<\/div>\n\t\t<\/div>\n\t\t\t\t\t\t\t\t<\/div>\n\t\t\t\t\t<\/div>\n\t\t<\/section>\n\t\t\t\t<section class=\"elementor-section elementor-top-section elementor-element elementor-element-5017763 elementor-section-boxed elementor-section-height-default elementor-section-height-default\" data-id=\"5017763\" data-element_type=\"section\">\n\t\t\t\t\t\t<div class=\"elementor-container elementor-column-gap-default\">\n\t\t\t\t\t\t\t<div class=\"elementor-row\">\n\t\t\t\t\t<div class=\"elementor-column elementor-col-100 elementor-top-column elementor-element elementor-element-a3b22c2\" data-id=\"a3b22c2\" data-element_type=\"column\">\n\t\t\t<div class=\"elementor-column-wrap\">\n\t\t\t\t\t\t\t<div class=\"elementor-widget-wrap\">\n\t\t\t\t\t\t\t\t<\/div>\n\t\t\t\t\t<\/div>\n\t\t<\/div>\n\t\t\t\t\t\t\t\t<\/div>\n\t\t\t\t\t<\/div>\n\t\t<\/section>\n\t\t\t\t\t\t\t\t\t<\/div>\n\t\t\t<\/div>\n\t\t\t\t\t<\/div>","protected":false},"excerpt":{"rendered":"<p>SANAT PLAST\u0130K Hakk\u0131m\u0131zda 2010 Y\u0131l\u0131nda kurulan Sanat Plastik Kal\u0131p Firmas\u0131\u00a0ana sekt\u00f6r olarak otomotiv ve beyaz e\u015fya end\u00fcstrisine hizmet etmektedir.\u00a0\u00a0Firma ortaklar\u0131n\u0131n plastik enjeksiyon ve kal\u0131p imalat\u0131nda 30 y\u0131l\u0131 a\u015fk\u0131n tecr\u00fcbesi bulunmaktad\u0131r. Bu da firman\u0131n, sekt\u00f6rde iyi tan\u0131nmas\u0131na neden olmu\u015ftur. Firma i\u00e7in M\u00fc\u015fteri Memnuniyeti ilkesi, i\u015f disiplinlerindeki en \u00f6nemli fakt\u00f6rd\u00fcr. Bu nedenle, firma, geni\u015f bir skalada, \u00e7ok [&hellip;]<\/p>","protected":false},"author":1,"featured_media":0,"parent":0,"menu_order":0,"comment_status":"closed","ping_status":"closed","template":"","meta":{"footnotes":""},"class_list":["post-308","page","type-page","status-publish","hentry"],"_links":{"self":[{"href":"https:\/\/sanatplastik.com\/en\/wp-json\/wp\/v2\/pages\/308","targetHints":{"allow":["GET"]}}],"collection":[{"href":"https:\/\/sanatplastik.com\/en\/wp-json\/wp\/v2\/pages"}],"about":[{"href":"https:\/\/sanatplastik.com\/en\/wp-json\/wp\/v2\/types\/page"}],"author":[{"embeddable":true,"href":"https:\/\/sanatplastik.com\/en\/wp-json\/wp\/v2\/users\/1"}],"replies":[{"embeddable":true,"href":"https:\/\/sanatplastik.com\/en\/wp-json\/wp\/v2\/comments?post=308"}],"version-history":[{"count":84,"href":"https:\/\/sanatplastik.com\/en\/wp-json\/wp\/v2\/pages\/308\/revisions"}],"predecessor-version":[{"id":10449,"href":"https:\/\/sanatplastik.com\/en\/wp-json\/wp\/v2\/pages\/308\/revisions\/10449"}],"wp:attachment":[{"href":"https:\/\/sanatplastik.com\/en\/wp-json\/wp\/v2\/media?parent=308"}],"curies":[{"name":"wp","href":"https:\/\/api.w.org\/{rel}","templated":true}]}}