{"id":175,"date":"2019-08-01T08:47:59","date_gmt":"2019-08-01T08:47:59","guid":{"rendered":"http:\/\/medify.wgl-demo.net\/?page_id=175"},"modified":"2024-02-26T09:33:31","modified_gmt":"2024-02-26T09:33:31","slug":"otomotiv","status":"publish","type":"page","link":"https:\/\/sanatplastik.com\/en\/otomotiv\/","title":{"rendered":"Automotive"},"content":{"rendered":"<div data-elementor-type=\"wp-post\" data-elementor-id=\"175\" class=\"elementor elementor-175\">\n\t\t\t\t\t\t<div class=\"elementor-inner\">\n\t\t\t\t<div class=\"elementor-section-wrap\">\n\t\t\t\t\t\t\t\t\t<section class=\"elementor-section elementor-top-section elementor-element elementor-element-0545ec2 elementor-section-boxed elementor-section-height-default elementor-section-height-default\" data-id=\"0545ec2\" data-element_type=\"section\">\n\t\t\t\t\t\t<div class=\"elementor-container elementor-column-gap-default\">\n\t\t\t\t\t\t\t<div class=\"elementor-row\">\n\t\t\t\t\t<div class=\"elementor-column elementor-col-50 elementor-top-column elementor-element elementor-element-a8ba95d\" data-id=\"a8ba95d\" data-element_type=\"column\">\n\t\t\t<div class=\"elementor-column-wrap elementor-element-populated\">\n\t\t\t\t\t\t\t<div class=\"elementor-widget-wrap\">\n\t\t\t\t\t\t<div class=\"elementor-element elementor-element-acba1a0 elementor-widget elementor-widget-spacer\" data-id=\"acba1a0\" data-element_type=\"widget\" data-widget_type=\"spacer.default\">\n\t\t\t\t<div class=\"elementor-widget-container\">\n\t\t\t<style>\/*! elementor - v3.10.1 - 17-01-2023 *\/\n.elementor-column .elementor-spacer-inner{height:var(--spacer-size)}.e-con{--container-widget-width:100%}.e-con-inner>.elementor-widget-spacer,.e-con>.elementor-widget-spacer{width:var(--container-widget-width,var(--spacer-size));--align-self:var(--container-widget-align-self,initial);--flex-shrink:0}.e-con-inner>.elementor-widget-spacer>.elementor-widget-container,.e-con-inner>.elementor-widget-spacer>.elementor-widget-container>.elementor-spacer,.e-con>.elementor-widget-spacer>.elementor-widget-container,.e-con>.elementor-widget-spacer>.elementor-widget-container>.elementor-spacer{height:100%}.e-con-inner>.elementor-widget-spacer>.elementor-widget-container>.elementor-spacer>.elementor-spacer-inner,.e-con>.elementor-widget-spacer>.elementor-widget-container>.elementor-spacer>.elementor-spacer-inner{height:var(--container-widget-height,var(--spacer-size))}<\/style>\t\t<div class=\"elementor-spacer\">\n\t\t\t<div class=\"elementor-spacer-inner\"><\/div>\n\t\t<\/div>\n\t\t\t\t<\/div>\n\t\t\t\t<\/div>\n\t\t\t\t<div class=\"elementor-element elementor-element-9cda313 elementor-widget elementor-widget-wgl-image-layers\" data-id=\"9cda313\" data-element_type=\"widget\" data-widget_type=\"wgl-image-layers.default\">\n\t\t\t\t<div class=\"elementor-widget-container\">\n\t\t\t<div class=\"wgl-image-layers\"><div class=\"img-layer_image-wrapper slide_right\" style=\"z-index: 1\">\n                <div class=\"img-layer_item\" style=\"transform: translate(0%, 0%);\">\n                    <div class=\"img-layer_image\" style=\"transition: all 800ms; transition-delay: 600ms;\">\n                        <img decoding=\"async\" src=\"https:\/\/sanatplastik.com\/wp-content\/uploads\/2024\/02\/otomotivendustrisi.jpg\" alt=\"otomotivendustrisi\" \/>\n                    <\/div>\n                <\/div>\n            <\/div> <\/div>\t\t<\/div>\n\t\t\t\t<\/div>\n\t\t\t\t<div class=\"elementor-element elementor-element-c614f5e elementor-widget elementor-widget-spacer\" data-id=\"c614f5e\" data-element_type=\"widget\" data-widget_type=\"spacer.default\">\n\t\t\t\t<div class=\"elementor-widget-container\">\n\t\t\t\t\t<div class=\"elementor-spacer\">\n\t\t\t<div class=\"elementor-spacer-inner\"><\/div>\n\t\t<\/div>\n\t\t\t\t<\/div>\n\t\t\t\t<\/div>\n\t\t\t\t\t\t<\/div>\n\t\t\t\t\t<\/div>\n\t\t<\/div>\n\t\t\t\t<div class=\"elementor-column elementor-col-50 elementor-top-column elementor-element elementor-element-9d14d7d\" data-id=\"9d14d7d\" data-element_type=\"column\">\n\t\t\t<div class=\"elementor-column-wrap elementor-element-populated\">\n\t\t\t\t\t\t\t<div class=\"elementor-widget-wrap\">\n\t\t\t\t\t\t<div class=\"elementor-element elementor-element-b1500b3 elementor-widget elementor-widget-wgl-double-headings\" data-id=\"b1500b3\" data-element_type=\"widget\" data-widget_type=\"wgl-double-headings.default\">\n\t\t\t\t<div class=\"elementor-widget-container\">\n\t\t\t<div class=\"wgl-double_heading aleft\"><div class=\"dbl-subtitle\"><span>SANAT PLASTIK<\/span><\/div>                <h3 class=\"dbl-title_wrapper\"><span class=\"dbl-title dbl-title_1\">Automotive<\/span>                 <\/h3>        <\/div>\t\t<\/div>\n\t\t\t\t<\/div>\n\t\t\t\t<div class=\"elementor-element elementor-element-543960f elementor-widget elementor-widget-text-editor\" data-id=\"543960f\" data-element_type=\"widget\" data-widget_type=\"text-editor.default\">\n\t\t\t\t<div class=\"elementor-widget-container\">\n\t\t\t<style>\/*! elementor - v3.10.1 - 17-01-2023 *\/\n.elementor-widget-text-editor.elementor-drop-cap-view-stacked .elementor-drop-cap{background-color:#818a91;color:#fff}.elementor-widget-text-editor.elementor-drop-cap-view-framed .elementor-drop-cap{color:#818a91;border:3px solid;background-color:transparent}.elementor-widget-text-editor:not(.elementor-drop-cap-view-default) .elementor-drop-cap{margin-top:8px}.elementor-widget-text-editor:not(.elementor-drop-cap-view-default) .elementor-drop-cap-letter{width:1em;height:1em}.elementor-widget-text-editor .elementor-drop-cap{float:left;text-align:center;line-height:1;font-size:50px}.elementor-widget-text-editor .elementor-drop-cap-letter{display:inline-block}<\/style>\t\t\t\t\t<div class=\"elementor-text-editor elementor-clearfix\">\n\t\t\t\t<div class=\"ptext\"><p>Sanat Plastik Kal\u0131p Firmas\u0131, \u00a0otomotiv sekt\u00f6r\u00fc i\u00e7in\u00a0\u00e7e\u015fitli i\u00e7 d\u0131\u015f trim plastik par\u00e7alar\u0131n gerek \u00fcretim s\u00fcrecini y\u00f6netmekte, gerekse bu par\u00e7alar i\u00e7in enjeksiyon ya da \u015fi\u015firme\u00a0kal\u0131p tasar\u0131m\u0131 ve imalar\u0131n\u0131 ger\u00e7ekle\u015ftirmektedir. Ayn\u0131 zamanda firma,\u00a0s\u0131cak yolluklu, manifoldlu ya da desenli veya \u00e7ift bask\u0131l\u0131\u00a0olmak \u00fczere farkl\u0131 zorluklarda kal\u0131plar\u0131 ba\u015far\u0131 ile kolayl\u0131kla tasarlamakta ve \u00fcretmektedir. An\u0131 zamanda, firma otomotiv sekt\u00f6r\u00fc i\u00e7in Kontrol Fikst\u00fcr\u00fc ya da\u00a0Poke&amp;Yoke ve \u00e7e\u015fitli kesme makineleri tasarlamakta ve \u00fcretmektedir.\u00a0<\/p><\/div>\t\t\t\t\t<\/div>\n\t\t\t\t\t\t<\/div>\n\t\t\t\t<\/div>\n\t\t\t\t\t\t<\/div>\n\t\t\t\t\t<\/div>\n\t\t<\/div>\n\t\t\t\t\t\t\t\t<\/div>\n\t\t\t\t\t<\/div>\n\t\t<\/section>\n\t\t\t\t\t\t\t\t\t<\/div>\n\t\t\t<\/div>\n\t\t\t\t\t<\/div>","protected":false},"excerpt":{"rendered":"<p>SANAT PLAST\u0130K Otomotiv Sanat Plastik Kal\u0131p Firmas\u0131, \u00a0otomotiv sekt\u00f6r\u00fc i\u00e7in\u00a0\u00e7e\u015fitli i\u00e7 d\u0131\u015f trim plastik par\u00e7alar\u0131n gerek \u00fcretim s\u00fcrecini y\u00f6netmekte, gerekse bu par\u00e7alar i\u00e7in enjeksiyon ya da \u015fi\u015firme\u00a0kal\u0131p tasar\u0131m\u0131 ve imalar\u0131n\u0131 ger\u00e7ekle\u015ftirmektedir. Ayn\u0131 zamanda firma,\u00a0s\u0131cak yolluklu, manifoldlu ya da desenli veya \u00e7ift bask\u0131l\u0131\u00a0olmak \u00fczere farkl\u0131 zorluklarda kal\u0131plar\u0131 ba\u015far\u0131 ile kolayl\u0131kla tasarlamakta ve \u00fcretmektedir. An\u0131 zamanda, firma [&hellip;]<\/p>","protected":false},"author":1,"featured_media":0,"parent":0,"menu_order":0,"comment_status":"closed","ping_status":"closed","template":"","meta":{"footnotes":""},"class_list":["post-175","page","type-page","status-publish","hentry"],"_links":{"self":[{"href":"https:\/\/sanatplastik.com\/en\/wp-json\/wp\/v2\/pages\/175","targetHints":{"allow":["GET"]}}],"collection":[{"href":"https:\/\/sanatplastik.com\/en\/wp-json\/wp\/v2\/pages"}],"about":[{"href":"https:\/\/sanatplastik.com\/en\/wp-json\/wp\/v2\/types\/page"}],"author":[{"embeddable":true,"href":"https:\/\/sanatplastik.com\/en\/wp-json\/wp\/v2\/users\/1"}],"replies":[{"embeddable":true,"href":"https:\/\/sanatplastik.com\/en\/wp-json\/wp\/v2\/comments?post=175"}],"version-history":[{"count":16,"href":"https:\/\/sanatplastik.com\/en\/wp-json\/wp\/v2\/pages\/175\/revisions"}],"predecessor-version":[{"id":10420,"href":"https:\/\/sanatplastik.com\/en\/wp-json\/wp\/v2\/pages\/175\/revisions\/10420"}],"wp:attachment":[{"href":"https:\/\/sanatplastik.com\/en\/wp-json\/wp\/v2\/media?parent=175"}],"curies":[{"name":"wp","href":"https:\/\/api.w.org\/{rel}","templated":true}]}}