{"id":10247,"date":"2023-02-02T21:37:05","date_gmt":"2023-02-02T21:37:05","guid":{"rendered":"https:\/\/sanatplastik.com\/?page_id=10247"},"modified":"2024-02-26T09:39:49","modified_gmt":"2024-02-26T09:39:49","slug":"hizmetlerimiz","status":"publish","type":"page","link":"https:\/\/sanatplastik.com\/en\/hizmetlerimiz\/","title":{"rendered":"Our Services"},"content":{"rendered":"<div data-elementor-type=\"wp-page\" data-elementor-id=\"10247\" class=\"elementor elementor-10247\">\n\t\t\t\t\t\t<div class=\"elementor-inner\">\n\t\t\t\t<div class=\"elementor-section-wrap\">\n\t\t\t\t\t\t\t\t\t<section class=\"elementor-section elementor-top-section elementor-element elementor-element-0c682eb elementor-section-boxed elementor-section-height-default elementor-section-height-default\" data-id=\"0c682eb\" data-element_type=\"section\" data-settings=\"{&quot;background_background&quot;:&quot;classic&quot;}\">\n\t\t\t\t\t\t<div class=\"elementor-container elementor-column-gap-default\">\n\t\t\t\t\t\t\t<div class=\"elementor-row\">\n\t\t\t\t\t<div class=\"elementor-column elementor-col-100 elementor-top-column elementor-element elementor-element-eefb55b\" data-id=\"eefb55b\" data-element_type=\"column\">\n\t\t\t<div class=\"elementor-column-wrap elementor-element-populated\">\n\t\t\t\t\t\t\t<div class=\"elementor-widget-wrap\">\n\t\t\t\t\t\t<div class=\"elementor-element elementor-element-84153ec elementor-widget elementor-widget-spacer\" data-id=\"84153ec\" data-element_type=\"widget\" data-widget_type=\"spacer.default\">\n\t\t\t\t<div class=\"elementor-widget-container\">\n\t\t\t<style>\/*! elementor - v3.10.1 - 17-01-2023 *\/\n.elementor-column .elementor-spacer-inner{height:var(--spacer-size)}.e-con{--container-widget-width:100%}.e-con-inner>.elementor-widget-spacer,.e-con>.elementor-widget-spacer{width:var(--container-widget-width,var(--spacer-size));--align-self:var(--container-widget-align-self,initial);--flex-shrink:0}.e-con-inner>.elementor-widget-spacer>.elementor-widget-container,.e-con-inner>.elementor-widget-spacer>.elementor-widget-container>.elementor-spacer,.e-con>.elementor-widget-spacer>.elementor-widget-container,.e-con>.elementor-widget-spacer>.elementor-widget-container>.elementor-spacer{height:100%}.e-con-inner>.elementor-widget-spacer>.elementor-widget-container>.elementor-spacer>.elementor-spacer-inner,.e-con>.elementor-widget-spacer>.elementor-widget-container>.elementor-spacer>.elementor-spacer-inner{height:var(--container-widget-height,var(--spacer-size))}<\/style>\t\t<div class=\"elementor-spacer\">\n\t\t\t<div class=\"elementor-spacer-inner\"><\/div>\n\t\t<\/div>\n\t\t\t\t<\/div>\n\t\t\t\t<\/div>\n\t\t\t\t<section class=\"elementor-section elementor-inner-section elementor-element elementor-element-b82051a elementor-section-boxed elementor-section-height-default elementor-section-height-default\" data-id=\"b82051a\" data-element_type=\"section\">\n\t\t\t\t\t\t<div class=\"elementor-container elementor-column-gap-default\">\n\t\t\t\t\t\t\t<div class=\"elementor-row\">\n\t\t\t\t\t<div class=\"elementor-column elementor-col-33 elementor-inner-column elementor-element elementor-element-9088175\" data-id=\"9088175\" data-element_type=\"column\">\n\t\t\t<div class=\"elementor-column-wrap\">\n\t\t\t\t\t\t\t<div class=\"elementor-widget-wrap\">\n\t\t\t\t\t\t\t\t<\/div>\n\t\t\t\t\t<\/div>\n\t\t<\/div>\n\t\t\t\t<div class=\"elementor-column elementor-col-33 elementor-inner-column elementor-element elementor-element-42c6dad\" data-id=\"42c6dad\" data-element_type=\"column\">\n\t\t\t<div class=\"elementor-column-wrap elementor-element-populated\">\n\t\t\t\t\t\t\t<div class=\"elementor-widget-wrap\">\n\t\t\t\t\t\t<div class=\"elementor-element elementor-element-4412ff2 elementor-widget elementor-widget-wgl-double-headings\" data-id=\"4412ff2\" data-element_type=\"widget\" data-widget_type=\"wgl-double-headings.default\">\n\t\t\t\t<div class=\"elementor-widget-container\">\n\t\t\t<div class=\"wgl-double_heading acenter\"><div class=\"dbl-subtitle\"><span>SANAT PLASTIK<\/span><\/div>                <h3 class=\"dbl-title_wrapper\"><span class=\"dbl-title dbl-title_1\">Sectors &amp; Services\n<\/span>                 <\/h3>        <\/div>\t\t<\/div>\n\t\t\t\t<\/div>\n\t\t\t\t<div class=\"elementor-element elementor-element-3c8b8a7 elementor-widget elementor-widget-text-editor\" data-id=\"3c8b8a7\" data-element_type=\"widget\" data-widget_type=\"text-editor.default\">\n\t\t\t\t<div class=\"elementor-widget-container\">\n\t\t\t<style>\/*! elementor - v3.10.1 - 17-01-2023 *\/\n.elementor-widget-text-editor.elementor-drop-cap-view-stacked .elementor-drop-cap{background-color:#818a91;color:#fff}.elementor-widget-text-editor.elementor-drop-cap-view-framed .elementor-drop-cap{color:#818a91;border:3px solid;background-color:transparent}.elementor-widget-text-editor:not(.elementor-drop-cap-view-default) .elementor-drop-cap{margin-top:8px}.elementor-widget-text-editor:not(.elementor-drop-cap-view-default) .elementor-drop-cap-letter{width:1em;height:1em}.elementor-widget-text-editor .elementor-drop-cap{float:left;text-align:center;line-height:1;font-size:50px}.elementor-widget-text-editor .elementor-drop-cap-letter{display:inline-block}<\/style>\t\t\t\t\t<div class=\"elementor-text-editor elementor-clearfix\">\n\t\t\t\t\t\t\t\t\t<\/div>\n\t\t\t\t\t\t<\/div>\n\t\t\t\t<\/div>\n\t\t\t\t\t\t<\/div>\n\t\t\t\t\t<\/div>\n\t\t<\/div>\n\t\t\t\t<div class=\"elementor-column elementor-col-33 elementor-inner-column elementor-element elementor-element-92ba89d\" data-id=\"92ba89d\" data-element_type=\"column\">\n\t\t\t<div class=\"elementor-column-wrap\">\n\t\t\t\t\t\t\t<div class=\"elementor-widget-wrap\">\n\t\t\t\t\t\t\t\t<\/div>\n\t\t\t\t\t<\/div>\n\t\t<\/div>\n\t\t\t\t\t\t\t\t<\/div>\n\t\t\t\t\t<\/div>\n\t\t<\/section>\n\t\t\t\t<div class=\"elementor-element elementor-element-fe880ea elementor-widget elementor-widget-spacer\" data-id=\"fe880ea\" data-element_type=\"widget\" data-widget_type=\"spacer.default\">\n\t\t\t\t<div class=\"elementor-widget-container\">\n\t\t\t\t\t<div class=\"elementor-spacer\">\n\t\t\t<div class=\"elementor-spacer-inner\"><\/div>\n\t\t<\/div>\n\t\t\t\t<\/div>\n\t\t\t\t<\/div>\n\t\t\t\t<section class=\"elementor-section elementor-inner-section elementor-element elementor-element-2f15fe8 elementor-section-boxed elementor-section-height-default elementor-section-height-default\" data-id=\"2f15fe8\" data-element_type=\"section\">\n\t\t\t\t\t\t<div class=\"elementor-container elementor-column-gap-extended\">\n\t\t\t\t\t\t\t<div class=\"elementor-row\">\n\t\t\t\t\t<div class=\"elementor-column elementor-col-50 elementor-inner-column elementor-element elementor-element-fa408a5\" data-id=\"fa408a5\" data-element_type=\"column\">\n\t\t\t<div class=\"elementor-column-wrap elementor-element-populated\">\n\t\t\t\t\t\t\t<div class=\"elementor-widget-wrap\">\n\t\t\t\t\t\t<div class=\"elementor-element elementor-element-5fab031 elementor-widget elementor-widget-wgl-services-3\" data-id=\"5fab031\" data-element_type=\"widget\" data-widget_type=\"wgl-services-3.default\">\n\t\t\t\t<div class=\"elementor-widget-container\">\n\t\t\t        <div class=\"wgl-services-3 acenter\">\n            <div class=\"wgl-services_wrap\">                    <div class=\"wgl-services_image-wrap\"><img decoding=\"async\" class=\"wgl-services_image\" src=\"https:\/\/sanatplastik.com\/wp-content\/uploads\/2024\/02\/sanat.png\" alt=\"sanat\" \/><\/div>                    <div class=\"wgl-services_title-wrap\">                            <h3 class=\"wgl-services_title\">Plastic Injection<\/h3>                    <\/div>                    <a class=\"wgl-services_link\" href=\"https:\/\/sanatplastik.com\/en\/plastik-enjeksiyon\/\"><\/a>            <\/div>\n        <\/div>\n\n        \t\t<\/div>\n\t\t\t\t<\/div>\n\t\t\t\t<div class=\"elementor-element elementor-element-be791c3 elementor-widget elementor-widget-wgl-services-3\" data-id=\"be791c3\" data-element_type=\"widget\" data-widget_type=\"wgl-services-3.default\">\n\t\t\t\t<div class=\"elementor-widget-container\">\n\t\t\t        <div class=\"wgl-services-3 acenter\">\n            <div class=\"wgl-services_wrap\">                    <div class=\"wgl-services_image-wrap\"><img decoding=\"async\" class=\"wgl-services_image\" src=\"https:\/\/sanatplastik.com\/wp-content\/uploads\/2024\/02\/kalip.png\" alt=\"kalip\" \/><\/div>                    <div class=\"wgl-services_title-wrap\">                            <h3 class=\"wgl-services_title\">Tool Design&amp;Manufacture\n<\/h3>                    <\/div>                    <a class=\"wgl-services_link\" href=\"https:\/\/sanatplastik.com\/en\/kalip-tasarim-ve-imalati\/\"><\/a>            <\/div>\n        <\/div>\n\n        \t\t<\/div>\n\t\t\t\t<\/div>\n\t\t\t\t\t\t<\/div>\n\t\t\t\t\t<\/div>\n\t\t<\/div>\n\t\t\t\t<div class=\"elementor-column elementor-col-50 elementor-inner-column elementor-element elementor-element-3d21afb\" data-id=\"3d21afb\" data-element_type=\"column\">\n\t\t\t<div class=\"elementor-column-wrap elementor-element-populated\">\n\t\t\t\t\t\t\t<div class=\"elementor-widget-wrap\">\n\t\t\t\t\t\t<div class=\"elementor-element elementor-element-3528cb6 elementor-widget elementor-widget-wgl-services-3\" data-id=\"3528cb6\" data-element_type=\"widget\" data-widget_type=\"wgl-services-3.default\">\n\t\t\t\t<div class=\"elementor-widget-container\">\n\t\t\t        <div class=\"wgl-services-3 acenter\">\n            <div class=\"wgl-services_wrap\">                    <div class=\"wgl-services_image-wrap\"><img decoding=\"async\" class=\"wgl-services_image\" src=\"https:\/\/sanatplastik.com\/wp-content\/uploads\/2024\/02\/makine1-2.png\" alt=\"makine1\" \/><\/div>                    <div class=\"wgl-services_title-wrap\">                            <h3 class=\"wgl-services_title\">Machine &amp; Automation\n<\/h3>                    <\/div>                    <a class=\"wgl-services_link\" href=\"https:\/\/sanatplastik.com\/en\/makine-otomasyon\/\"><\/a>            <\/div>\n        <\/div>\n\n        \t\t<\/div>\n\t\t\t\t<\/div>\n\t\t\t\t<div class=\"elementor-element elementor-element-c14e379 elementor-widget elementor-widget-wgl-services-3\" data-id=\"c14e379\" data-element_type=\"widget\" data-widget_type=\"wgl-services-3.default\">\n\t\t\t\t<div class=\"elementor-widget-container\">\n\t\t\t        <div class=\"wgl-services-3 acenter\">\n            <div class=\"wgl-services_wrap\">                    <div class=\"wgl-services_image-wrap\"><img decoding=\"async\" class=\"wgl-services_image\" src=\"https:\/\/sanatplastik.com\/wp-content\/uploads\/2024\/02\/fikstu.png\" alt=\"fikst\u00fc\" \/><\/div>                    <div class=\"wgl-services_title-wrap\">                            <h3 class=\"wgl-services_title\">Fixture and Poke&amp;Yoke Machine Manufacture\n<\/h3>                    <\/div>                    <a class=\"wgl-services_link\" href=\"https:\/\/sanatplastik.com\/en\/fikstur-ve-poke-yoke-makine-imalati\/\"><\/a>            <\/div>\n        <\/div>\n\n        \t\t<\/div>\n\t\t\t\t<\/div>\n\t\t\t\t\t\t<\/div>\n\t\t\t\t\t<\/div>\n\t\t<\/div>\n\t\t\t\t\t\t\t\t<\/div>\n\t\t\t\t\t<\/div>\n\t\t<\/section>\n\t\t\t\t\t\t<\/div>\n\t\t\t\t\t<\/div>\n\t\t<\/div>\n\t\t\t\t\t\t\t\t<\/div>\n\t\t\t\t\t<\/div>\n\t\t<\/section>\n\t\t\t\t\t\t\t\t\t<\/div>\n\t\t\t<\/div>\n\t\t\t\t\t<\/div>","protected":false},"excerpt":{"rendered":"<p>SANAT PLAST\u0130K Sekt\u00f6rler&#038;Hizmetler Plastik Enjeksiyon Kal\u0131p Tasar\u0131m\u0131 &#038;\u0130malat\u0131 Makine &#038; Otomasyon Fikst\u00fcr &#8211; Poke &#038;Yoke \u0130malat\u0131<\/p>","protected":false},"author":1,"featured_media":0,"parent":0,"menu_order":0,"comment_status":"closed","ping_status":"closed","template":"","meta":{"footnotes":""},"class_list":["post-10247","page","type-page","status-publish","hentry"],"_links":{"self":[{"href":"https:\/\/sanatplastik.com\/en\/wp-json\/wp\/v2\/pages\/10247","targetHints":{"allow":["GET"]}}],"collection":[{"href":"https:\/\/sanatplastik.com\/en\/wp-json\/wp\/v2\/pages"}],"about":[{"href":"https:\/\/sanatplastik.com\/en\/wp-json\/wp\/v2\/types\/page"}],"author":[{"embeddable":true,"href":"https:\/\/sanatplastik.com\/en\/wp-json\/wp\/v2\/users\/1"}],"replies":[{"embeddable":true,"href":"https:\/\/sanatplastik.com\/en\/wp-json\/wp\/v2\/comments?post=10247"}],"version-history":[{"count":16,"href":"https:\/\/sanatplastik.com\/en\/wp-json\/wp\/v2\/pages\/10247\/revisions"}],"predecessor-version":[{"id":10424,"href":"https:\/\/sanatplastik.com\/en\/wp-json\/wp\/v2\/pages\/10247\/revisions\/10424"}],"wp:attachment":[{"href":"https:\/\/sanatplastik.com\/en\/wp-json\/wp\/v2\/media?parent=10247"}],"curies":[{"name":"wp","href":"https:\/\/api.w.org\/{rel}","templated":true}]}}