{"id":10111,"date":"2023-01-26T14:58:36","date_gmt":"2023-01-26T14:58:36","guid":{"rendered":"https:\/\/sanatplastik.com\/?page_id=10111"},"modified":"2024-02-26T09:32:59","modified_gmt":"2024-02-26T09:32:59","slug":"makine-otomasyon","status":"publish","type":"page","link":"https:\/\/sanatplastik.com\/en\/makine-otomasyon\/","title":{"rendered":"Machine &amp; Automation"},"content":{"rendered":"<div data-elementor-type=\"wp-page\" data-elementor-id=\"10111\" class=\"elementor elementor-10111\">\n\t\t\t\t\t\t<div class=\"elementor-inner\">\n\t\t\t\t<div class=\"elementor-section-wrap\">\n\t\t\t\t\t\t\t\t\t<section class=\"elementor-section elementor-top-section elementor-element elementor-element-123f545 elementor-section-boxed elementor-section-height-default elementor-section-height-default\" data-id=\"123f545\" data-element_type=\"section\">\n\t\t\t\t\t\t<div class=\"elementor-container elementor-column-gap-default\">\n\t\t\t\t\t\t\t<div class=\"elementor-row\">\n\t\t\t\t\t<div class=\"elementor-column elementor-col-50 elementor-top-column elementor-element elementor-element-e19785b\" data-id=\"e19785b\" data-element_type=\"column\">\n\t\t\t<div class=\"elementor-column-wrap elementor-element-populated\">\n\t\t\t\t\t\t\t<div class=\"elementor-widget-wrap\">\n\t\t\t\t\t\t<div class=\"elementor-element elementor-element-6fa0cb3 elementor-widget elementor-widget-spacer\" data-id=\"6fa0cb3\" data-element_type=\"widget\" data-widget_type=\"spacer.default\">\n\t\t\t\t<div class=\"elementor-widget-container\">\n\t\t\t<style>\/*! elementor - v3.10.1 - 17-01-2023 *\/\n.elementor-column .elementor-spacer-inner{height:var(--spacer-size)}.e-con{--container-widget-width:100%}.e-con-inner>.elementor-widget-spacer,.e-con>.elementor-widget-spacer{width:var(--container-widget-width,var(--spacer-size));--align-self:var(--container-widget-align-self,initial);--flex-shrink:0}.e-con-inner>.elementor-widget-spacer>.elementor-widget-container,.e-con-inner>.elementor-widget-spacer>.elementor-widget-container>.elementor-spacer,.e-con>.elementor-widget-spacer>.elementor-widget-container,.e-con>.elementor-widget-spacer>.elementor-widget-container>.elementor-spacer{height:100%}.e-con-inner>.elementor-widget-spacer>.elementor-widget-container>.elementor-spacer>.elementor-spacer-inner,.e-con>.elementor-widget-spacer>.elementor-widget-container>.elementor-spacer>.elementor-spacer-inner{height:var(--container-widget-height,var(--spacer-size))}<\/style>\t\t<div class=\"elementor-spacer\">\n\t\t\t<div class=\"elementor-spacer-inner\"><\/div>\n\t\t<\/div>\n\t\t\t\t<\/div>\n\t\t\t\t<\/div>\n\t\t\t\t<div class=\"elementor-element elementor-element-87c1001 elementor-widget elementor-widget-wgl-image-layers\" data-id=\"87c1001\" data-element_type=\"widget\" data-widget_type=\"wgl-image-layers.default\">\n\t\t\t\t<div class=\"elementor-widget-container\">\n\t\t\t<div class=\"wgl-image-layers\"><div class=\"img-layer_image-wrapper slide_right\" style=\"z-index: 2\">\n                <div class=\"img-layer_item\" style=\"transform: translate(0%, 0%);\">\n                    <div class=\"img-layer_image\" style=\"transition: all 800ms; transition-delay: 600ms;\">\n                        <img decoding=\"async\" src=\"https:\/\/sanatplastik.com\/wp-content\/uploads\/2024\/02\/makine1-2.png\" alt=\"makine1\" \/>\n                    <\/div>\n                <\/div>\n            <\/div> <\/div>\t\t<\/div>\n\t\t\t\t<\/div>\n\t\t\t\t<div class=\"elementor-element elementor-element-7ee03b2 elementor-widget elementor-widget-spacer\" data-id=\"7ee03b2\" data-element_type=\"widget\" data-widget_type=\"spacer.default\">\n\t\t\t\t<div class=\"elementor-widget-container\">\n\t\t\t\t\t<div class=\"elementor-spacer\">\n\t\t\t<div class=\"elementor-spacer-inner\"><\/div>\n\t\t<\/div>\n\t\t\t\t<\/div>\n\t\t\t\t<\/div>\n\t\t\t\t\t\t<\/div>\n\t\t\t\t\t<\/div>\n\t\t<\/div>\n\t\t\t\t<div class=\"elementor-column elementor-col-50 elementor-top-column elementor-element elementor-element-8c08433\" data-id=\"8c08433\" data-element_type=\"column\">\n\t\t\t<div class=\"elementor-column-wrap elementor-element-populated\">\n\t\t\t\t\t\t\t<div class=\"elementor-widget-wrap\">\n\t\t\t\t\t\t<div class=\"elementor-element elementor-element-49a3255 elementor-widget elementor-widget-wgl-double-headings\" data-id=\"49a3255\" data-element_type=\"widget\" data-widget_type=\"wgl-double-headings.default\">\n\t\t\t\t<div class=\"elementor-widget-container\">\n\t\t\t<div class=\"wgl-double_heading aleft\"><div class=\"dbl-subtitle\"><span>SANAT PLASTIK<\/span><\/div>                <h3 class=\"dbl-title_wrapper\"><span class=\"dbl-title dbl-title_1\">Machine &amp; Automation<\/span>                 <\/h3>        <\/div>\t\t<\/div>\n\t\t\t\t<\/div>\n\t\t\t\t<div class=\"elementor-element elementor-element-70a6ad6 elementor-widget elementor-widget-text-editor\" data-id=\"70a6ad6\" data-element_type=\"widget\" data-widget_type=\"text-editor.default\">\n\t\t\t\t<div class=\"elementor-widget-container\">\n\t\t\t<style>\/*! elementor - v3.10.1 - 17-01-2023 *\/\n.elementor-widget-text-editor.elementor-drop-cap-view-stacked .elementor-drop-cap{background-color:#818a91;color:#fff}.elementor-widget-text-editor.elementor-drop-cap-view-framed .elementor-drop-cap{color:#818a91;border:3px solid;background-color:transparent}.elementor-widget-text-editor:not(.elementor-drop-cap-view-default) .elementor-drop-cap{margin-top:8px}.elementor-widget-text-editor:not(.elementor-drop-cap-view-default) .elementor-drop-cap-letter{width:1em;height:1em}.elementor-widget-text-editor .elementor-drop-cap{float:left;text-align:center;line-height:1;font-size:50px}.elementor-widget-text-editor .elementor-drop-cap-letter{display:inline-block}<\/style>\t\t\t\t\t<div class=\"elementor-text-editor elementor-clearfix\">\n\t\t\t\t<div id=\"content\" class=\"container-fluid\"><div id=\"topic\" class=\"row-fluid\"><div id=\"topic-inner\"><div id=\"top-content\" class=\"span12\"><div class=\"twpara-row row-fluid\"><div id=\"enoSDty0\" class=\"span12 tw-para\"><div class=\"ptext\"><p style=\"text-align: justify;\"><span>Sanat Plastik Kal\u0131p Firmas\u0131 m\u00fc\u015fteri gerekleri uyar\u0131nca, \u00f6zellikle otomotiv sekt\u00f6r\u00fc i\u00e7in i\u00e7 ve d\u0131\u015f plastik par\u00e7alar i\u00e7in bir \u00e7ok Poke &amp; Yoke Makinesi tasarlamakta ve imal etmektedir.\u00a0\u00a0<\/span><\/p><\/div><\/div><\/div><\/div><\/div><\/div><\/div><footer><div id=\"footerfat\" class=\"row-fluid\"><div class=\"row-fluid\">\u00a0<\/div><\/div><\/footer>\t\t\t\t\t<\/div>\n\t\t\t\t\t\t<\/div>\n\t\t\t\t<\/div>\n\t\t\t\t<div class=\"elementor-element elementor-element-4591ec8 elementor-widget elementor-widget-text-editor\" data-id=\"4591ec8\" data-element_type=\"widget\" data-widget_type=\"text-editor.default\">\n\t\t\t\t<div class=\"elementor-widget-container\">\n\t\t\t\t\t\t\t\t<div class=\"elementor-text-editor elementor-clearfix\">\n\t\t\t\t<ul class=\"medify_check\"><li>Ultrasonik Kaynak Uygulamalar\u0131<\/li><li>Otomasyon &#8211; Konveyor Uygulamalar\u0131<\/li><li>Otomotiv Tampon Uygulamalar\u0131<\/li><li>\u015ei\u015firme Par\u00e7alar\u0131 Kesme Makineleri<\/li><li>Farkl\u0131 End\u00fcstriler i\u00e7in \u00d6zel Ama\u00e7l\u0131 Makineler<span>\u00a0<\/span><\/li><\/ul>\t\t\t\t\t<\/div>\n\t\t\t\t\t\t<\/div>\n\t\t\t\t<\/div>\n\t\t\t\t\t\t<\/div>\n\t\t\t\t\t<\/div>\n\t\t<\/div>\n\t\t\t\t\t\t\t\t<\/div>\n\t\t\t\t\t<\/div>\n\t\t<\/section>\n\t\t\t\t<section class=\"elementor-section elementor-top-section elementor-element elementor-element-035e8be elementor-section-boxed elementor-section-height-default elementor-section-height-default\" data-id=\"035e8be\" data-element_type=\"section\">\n\t\t\t\t\t\t<div class=\"elementor-container elementor-column-gap-default\">\n\t\t\t\t\t\t\t<div class=\"elementor-row\">\n\t\t\t\t\t<div class=\"elementor-column elementor-col-100 elementor-top-column elementor-element elementor-element-696f17a\" data-id=\"696f17a\" data-element_type=\"column\">\n\t\t\t<div class=\"elementor-column-wrap elementor-element-populated\">\n\t\t\t\t\t\t\t<div class=\"elementor-widget-wrap\">\n\t\t\t\t\t\t<div class=\"elementor-element elementor-element-860247d gallery-spacing-custom elementor-widget elementor-widget-image-gallery\" data-id=\"860247d\" data-element_type=\"widget\" data-widget_type=\"image-gallery.default\">\n\t\t\t\t<div class=\"elementor-widget-container\">\n\t\t\t<style>\/*! elementor - v3.10.1 - 17-01-2023 *\/\n.elementor-image-gallery .gallery-item{display:inline-block;text-align:center;vertical-align:top;width:100%;max-width:100%;margin:0 auto}.elementor-image-gallery .gallery-item img{margin:0 auto}.elementor-image-gallery .gallery-item .gallery-caption{margin:0}.elementor-image-gallery figure img{display:block}.elementor-image-gallery figure figcaption{width:100%}.gallery-spacing-custom .elementor-image-gallery .gallery-icon{padding:0}@media (min-width:768px){.elementor-image-gallery .gallery-columns-2 .gallery-item{max-width:50%}.elementor-image-gallery .gallery-columns-3 .gallery-item{max-width:33.33%}.elementor-image-gallery .gallery-columns-4 .gallery-item{max-width:25%}.elementor-image-gallery .gallery-columns-5 .gallery-item{max-width:20%}.elementor-image-gallery .gallery-columns-6 .gallery-item{max-width:16.666%}.elementor-image-gallery .gallery-columns-7 .gallery-item{max-width:14.28%}.elementor-image-gallery .gallery-columns-8 .gallery-item{max-width:12.5%}.elementor-image-gallery .gallery-columns-9 .gallery-item{max-width:11.11%}.elementor-image-gallery .gallery-columns-10 .gallery-item{max-width:10%}}@media (min-width:480px) and (max-width:767px){.elementor-image-gallery .gallery.gallery-columns-2 .gallery-item,.elementor-image-gallery .gallery.gallery-columns-3 .gallery-item,.elementor-image-gallery .gallery.gallery-columns-4 .gallery-item,.elementor-image-gallery .gallery.gallery-columns-5 .gallery-item,.elementor-image-gallery .gallery.gallery-columns-6 .gallery-item,.elementor-image-gallery .gallery.gallery-columns-7 .gallery-item,.elementor-image-gallery .gallery.gallery-columns-8 .gallery-item,.elementor-image-gallery .gallery.gallery-columns-9 .gallery-item,.elementor-image-gallery .gallery.gallery-columns-10 .gallery-item{max-width:50%}}@media (max-width:479px){.elementor-image-gallery .gallery.gallery-columns-2 .gallery-item,.elementor-image-gallery .gallery.gallery-columns-3 .gallery-item,.elementor-image-gallery .gallery.gallery-columns-4 .gallery-item,.elementor-image-gallery .gallery.gallery-columns-5 .gallery-item,.elementor-image-gallery .gallery.gallery-columns-6 .gallery-item,.elementor-image-gallery .gallery.gallery-columns-7 .gallery-item,.elementor-image-gallery .gallery.gallery-columns-8 .gallery-item,.elementor-image-gallery .gallery.gallery-columns-9 .gallery-item,.elementor-image-gallery .gallery.gallery-columns-10 .gallery-item{max-width:100%}}<\/style>\t\t<div class=\"elementor-image-gallery\">\n\t\t\t\n\t\t<style type=\"text\/css\">\n\t\t\t#gallery-1 {\n\t\t\t\tmargin: auto;\n\t\t\t}\n\t\t\t#gallery-1 .gallery-item {\n\t\t\t\tfloat: left;\n\t\t\t\tmargin-top: 10px;\n\t\t\t\ttext-align: center;\n\t\t\t\twidth: 25%;\n\t\t\t}\n\t\t\t#gallery-1 img {\n\t\t\t\tborder: 2px solid #cfcfcf;\n\t\t\t}\n\t\t\t#gallery-1 .gallery-caption {\n\t\t\t\tmargin-left: 0;\n\t\t\t}\n\t\t\t\/* see gallery_shortcode() in wp-includes\/media.php *\/\n\t\t<\/style>\n\t\t<div id='gallery-1' class='gallery galleryid-10111 gallery-columns-4 gallery-size-woocommerce_gallery_thumbnail'><dl class='gallery-item'>\n\t\t\t<dt class='gallery-icon landscape'>\n\t\t\t\t<a data-elementor-open-lightbox=\"yes\" data-elementor-lightbox-slideshow=\"860247d\" data-elementor-lightbox-title=\"IMG_5488\" e-action-hash=\"#elementor-action%3Aaction%3Dlightbox%26settings%3DeyJpZCI6MTAzMzgsInVybCI6Imh0dHBzOlwvXC9zYW5hdHBsYXN0aWsuY29tXC93cC1jb250ZW50XC91cGxvYWRzXC8yMDI0XC8wMlwvSU1HXzU0ODgtMS1zY2FsZWQuanBnIiwic2xpZGVzaG93IjoiODYwMjQ3ZCJ9\" href='https:\/\/sanatplastik.com\/wp-content\/uploads\/2024\/02\/IMG_5488-1-scaled.jpg'><img loading=\"lazy\" decoding=\"async\" width=\"240\" height=\"240\" src=\"https:\/\/sanatplastik.com\/wp-content\/uploads\/2024\/02\/IMG_5488-1-240x240.jpg\" class=\"attachment-woocommerce_gallery_thumbnail size-woocommerce_gallery_thumbnail\" alt=\"\" srcset=\"https:\/\/sanatplastik.com\/wp-content\/uploads\/2024\/02\/IMG_5488-1-240x240.jpg 240w, https:\/\/sanatplastik.com\/wp-content\/uploads\/2024\/02\/IMG_5488-1-600x600.jpg 600w, https:\/\/sanatplastik.com\/wp-content\/uploads\/2024\/02\/IMG_5488-1-180x180.jpg 180w, https:\/\/sanatplastik.com\/wp-content\/uploads\/2024\/02\/IMG_5488-1-440x440.jpg 440w, https:\/\/sanatplastik.com\/wp-content\/uploads\/2024\/02\/IMG_5488-1-120x120.jpg 120w, https:\/\/sanatplastik.com\/wp-content\/uploads\/2024\/02\/IMG_5488-1-540x540.jpg 540w\" sizes=\"auto, (max-width: 240px) 100vw, 240px\" \/><\/a>\n\t\t\t<\/dt><\/dl><dl class='gallery-item'>\n\t\t\t<dt class='gallery-icon landscape'>\n\t\t\t\t<a data-elementor-open-lightbox=\"yes\" data-elementor-lightbox-slideshow=\"860247d\" data-elementor-lightbox-title=\"IMG_5514\" e-action-hash=\"#elementor-action%3Aaction%3Dlightbox%26settings%3DeyJpZCI6MTAzMzksInVybCI6Imh0dHBzOlwvXC9zYW5hdHBsYXN0aWsuY29tXC93cC1jb250ZW50XC91cGxvYWRzXC8yMDI0XC8wMlwvSU1HXzU1MTQtMS1zY2FsZWQuanBnIiwic2xpZGVzaG93IjoiODYwMjQ3ZCJ9\" href='https:\/\/sanatplastik.com\/wp-content\/uploads\/2024\/02\/IMG_5514-1-scaled.jpg'><img loading=\"lazy\" decoding=\"async\" width=\"240\" height=\"240\" src=\"https:\/\/sanatplastik.com\/wp-content\/uploads\/2024\/02\/IMG_5514-1-240x240.jpg\" class=\"attachment-woocommerce_gallery_thumbnail size-woocommerce_gallery_thumbnail\" alt=\"\" srcset=\"https:\/\/sanatplastik.com\/wp-content\/uploads\/2024\/02\/IMG_5514-1-240x240.jpg 240w, https:\/\/sanatplastik.com\/wp-content\/uploads\/2024\/02\/IMG_5514-1-600x600.jpg 600w, https:\/\/sanatplastik.com\/wp-content\/uploads\/2024\/02\/IMG_5514-1-180x180.jpg 180w, https:\/\/sanatplastik.com\/wp-content\/uploads\/2024\/02\/IMG_5514-1-440x440.jpg 440w, https:\/\/sanatplastik.com\/wp-content\/uploads\/2024\/02\/IMG_5514-1-120x120.jpg 120w, https:\/\/sanatplastik.com\/wp-content\/uploads\/2024\/02\/IMG_5514-1-540x540.jpg 540w\" sizes=\"auto, (max-width: 240px) 100vw, 240px\" \/><\/a>\n\t\t\t<\/dt><\/dl><dl class='gallery-item'>\n\t\t\t<dt class='gallery-icon landscape'>\n\t\t\t\t<a data-elementor-open-lightbox=\"yes\" data-elementor-lightbox-slideshow=\"860247d\" data-elementor-lightbox-title=\"IMG_5559\" e-action-hash=\"#elementor-action%3Aaction%3Dlightbox%26settings%3DeyJpZCI6MTAzNDAsInVybCI6Imh0dHBzOlwvXC9zYW5hdHBsYXN0aWsuY29tXC93cC1jb250ZW50XC91cGxvYWRzXC8yMDI0XC8wMlwvSU1HXzU1NTktMS1zY2FsZWQuanBnIiwic2xpZGVzaG93IjoiODYwMjQ3ZCJ9\" href='https:\/\/sanatplastik.com\/wp-content\/uploads\/2024\/02\/IMG_5559-1-scaled.jpg'><img loading=\"lazy\" decoding=\"async\" width=\"240\" height=\"240\" src=\"https:\/\/sanatplastik.com\/wp-content\/uploads\/2024\/02\/IMG_5559-1-240x240.jpg\" class=\"attachment-woocommerce_gallery_thumbnail size-woocommerce_gallery_thumbnail\" alt=\"\" srcset=\"https:\/\/sanatplastik.com\/wp-content\/uploads\/2024\/02\/IMG_5559-1-240x240.jpg 240w, https:\/\/sanatplastik.com\/wp-content\/uploads\/2024\/02\/IMG_5559-1-600x600.jpg 600w, https:\/\/sanatplastik.com\/wp-content\/uploads\/2024\/02\/IMG_5559-1-180x180.jpg 180w, https:\/\/sanatplastik.com\/wp-content\/uploads\/2024\/02\/IMG_5559-1-440x440.jpg 440w, https:\/\/sanatplastik.com\/wp-content\/uploads\/2024\/02\/IMG_5559-1-120x120.jpg 120w, https:\/\/sanatplastik.com\/wp-content\/uploads\/2024\/02\/IMG_5559-1-540x540.jpg 540w\" sizes=\"auto, (max-width: 240px) 100vw, 240px\" \/><\/a>\n\t\t\t<\/dt><\/dl><dl class='gallery-item'>\n\t\t\t<dt class='gallery-icon landscape'>\n\t\t\t\t<a data-elementor-open-lightbox=\"yes\" data-elementor-lightbox-slideshow=\"860247d\" data-elementor-lightbox-title=\"IMG_8001\" e-action-hash=\"#elementor-action%3Aaction%3Dlightbox%26settings%3DeyJpZCI6MTAzNDEsInVybCI6Imh0dHBzOlwvXC9zYW5hdHBsYXN0aWsuY29tXC93cC1jb250ZW50XC91cGxvYWRzXC8yMDI0XC8wMlwvSU1HXzgwMDEtMS1zY2FsZWQuanBnIiwic2xpZGVzaG93IjoiODYwMjQ3ZCJ9\" href='https:\/\/sanatplastik.com\/wp-content\/uploads\/2024\/02\/IMG_8001-1-scaled.jpg'><img loading=\"lazy\" decoding=\"async\" width=\"240\" height=\"240\" src=\"https:\/\/sanatplastik.com\/wp-content\/uploads\/2024\/02\/IMG_8001-1-240x240.jpg\" class=\"attachment-woocommerce_gallery_thumbnail size-woocommerce_gallery_thumbnail\" alt=\"\" srcset=\"https:\/\/sanatplastik.com\/wp-content\/uploads\/2024\/02\/IMG_8001-1-240x240.jpg 240w, https:\/\/sanatplastik.com\/wp-content\/uploads\/2024\/02\/IMG_8001-1-600x600.jpg 600w, https:\/\/sanatplastik.com\/wp-content\/uploads\/2024\/02\/IMG_8001-1-180x180.jpg 180w, https:\/\/sanatplastik.com\/wp-content\/uploads\/2024\/02\/IMG_8001-1-440x440.jpg 440w, https:\/\/sanatplastik.com\/wp-content\/uploads\/2024\/02\/IMG_8001-1-120x120.jpg 120w, https:\/\/sanatplastik.com\/wp-content\/uploads\/2024\/02\/IMG_8001-1-540x540.jpg 540w\" sizes=\"auto, (max-width: 240px) 100vw, 240px\" \/><\/a>\n\t\t\t<\/dt><\/dl><br style=\"clear: both\" \/><dl class='gallery-item'>\n\t\t\t<dt class='gallery-icon landscape'>\n\t\t\t\t<a data-elementor-open-lightbox=\"yes\" data-elementor-lightbox-slideshow=\"860247d\" data-elementor-lightbox-title=\"915B9A9D-761D-486C-AB1F-1D9C577AF890\" e-action-hash=\"#elementor-action%3Aaction%3Dlightbox%26settings%3DeyJpZCI6MTAzNDIsInVybCI6Imh0dHBzOlwvXC9zYW5hdHBsYXN0aWsuY29tXC93cC1jb250ZW50XC91cGxvYWRzXC8yMDI0XC8wMlwvOTE1QjlBOUQtNzYxRC00ODZDLUFCMUYtMUQ5QzU3N0FGODkwLTEtc2NhbGVkLmpwZyIsInNsaWRlc2hvdyI6Ijg2MDI0N2QifQ%3D%3D\" href='https:\/\/sanatplastik.com\/wp-content\/uploads\/2024\/02\/915B9A9D-761D-486C-AB1F-1D9C577AF890-1-scaled.jpg'><img loading=\"lazy\" decoding=\"async\" width=\"240\" height=\"240\" src=\"https:\/\/sanatplastik.com\/wp-content\/uploads\/2024\/02\/915B9A9D-761D-486C-AB1F-1D9C577AF890-1-240x240.jpg\" class=\"attachment-woocommerce_gallery_thumbnail size-woocommerce_gallery_thumbnail\" alt=\"\" srcset=\"https:\/\/sanatplastik.com\/wp-content\/uploads\/2024\/02\/915B9A9D-761D-486C-AB1F-1D9C577AF890-1-240x240.jpg 240w, https:\/\/sanatplastik.com\/wp-content\/uploads\/2024\/02\/915B9A9D-761D-486C-AB1F-1D9C577AF890-1-600x600.jpg 600w, https:\/\/sanatplastik.com\/wp-content\/uploads\/2024\/02\/915B9A9D-761D-486C-AB1F-1D9C577AF890-1-180x180.jpg 180w, https:\/\/sanatplastik.com\/wp-content\/uploads\/2024\/02\/915B9A9D-761D-486C-AB1F-1D9C577AF890-1-440x440.jpg 440w, https:\/\/sanatplastik.com\/wp-content\/uploads\/2024\/02\/915B9A9D-761D-486C-AB1F-1D9C577AF890-1-120x120.jpg 120w, https:\/\/sanatplastik.com\/wp-content\/uploads\/2024\/02\/915B9A9D-761D-486C-AB1F-1D9C577AF890-1-540x540.jpg 540w\" sizes=\"auto, (max-width: 240px) 100vw, 240px\" \/><\/a>\n\t\t\t<\/dt><\/dl><dl class='gallery-item'>\n\t\t\t<dt class='gallery-icon landscape'>\n\t\t\t\t<a data-elementor-open-lightbox=\"yes\" data-elementor-lightbox-slideshow=\"860247d\" data-elementor-lightbox-title=\"IMG_1099\" e-action-hash=\"#elementor-action%3Aaction%3Dlightbox%26settings%3DeyJpZCI6MTAzNDUsInVybCI6Imh0dHBzOlwvXC9zYW5hdHBsYXN0aWsuY29tXC93cC1jb250ZW50XC91cGxvYWRzXC8yMDI0XC8wMlwvSU1HXzEwOTktMS1zY2FsZWQuanBnIiwic2xpZGVzaG93IjoiODYwMjQ3ZCJ9\" href='https:\/\/sanatplastik.com\/wp-content\/uploads\/2024\/02\/IMG_1099-1-scaled.jpg'><img loading=\"lazy\" decoding=\"async\" width=\"240\" height=\"240\" src=\"https:\/\/sanatplastik.com\/wp-content\/uploads\/2024\/02\/IMG_1099-1-240x240.jpg\" class=\"attachment-woocommerce_gallery_thumbnail size-woocommerce_gallery_thumbnail\" alt=\"\" srcset=\"https:\/\/sanatplastik.com\/wp-content\/uploads\/2024\/02\/IMG_1099-1-240x240.jpg 240w, https:\/\/sanatplastik.com\/wp-content\/uploads\/2024\/02\/IMG_1099-1-600x600.jpg 600w, https:\/\/sanatplastik.com\/wp-content\/uploads\/2024\/02\/IMG_1099-1-180x180.jpg 180w, https:\/\/sanatplastik.com\/wp-content\/uploads\/2024\/02\/IMG_1099-1-440x440.jpg 440w, https:\/\/sanatplastik.com\/wp-content\/uploads\/2024\/02\/IMG_1099-1-120x120.jpg 120w, https:\/\/sanatplastik.com\/wp-content\/uploads\/2024\/02\/IMG_1099-1-540x540.jpg 540w\" sizes=\"auto, (max-width: 240px) 100vw, 240px\" \/><\/a>\n\t\t\t<\/dt><\/dl>\n\t\t\t<br style='clear: both' \/>\n\t\t<\/div>\n\t\t<\/div>\n\t\t\t\t<\/div>\n\t\t\t\t<\/div>\n\t\t\t\t\t\t<\/div>\n\t\t\t\t\t<\/div>\n\t\t<\/div>\n\t\t\t\t\t\t\t\t<\/div>\n\t\t\t\t\t<\/div>\n\t\t<\/section>\n\t\t\t\t\t\t\t\t\t<\/div>\n\t\t\t<\/div>\n\t\t\t\t\t<\/div>","protected":false},"excerpt":{"rendered":"<p>SANAT PLAST\u0130K Makine &#038; Otomasyon Sanat Plastik Kal\u0131p Firmas\u0131 m\u00fc\u015fteri gerekleri uyar\u0131nca, \u00f6zellikle otomotiv sekt\u00f6r\u00fc i\u00e7in i\u00e7 ve d\u0131\u015f plastik par\u00e7alar i\u00e7in bir \u00e7ok Poke &amp; Yoke Makinesi tasarlamakta ve imal etmektedir.\u00a0\u00a0 \u00a0 Ultrasonik Kaynak Uygulamalar\u0131 Otomasyon &#8211; Konveyor Uygulamalar\u0131 Otomotiv Tampon Uygulamalar\u0131 \u015ei\u015firme Par\u00e7alar\u0131 Kesme Makineleri Farkl\u0131 End\u00fcstriler i\u00e7in \u00d6zel Ama\u00e7l\u0131 Makineler\u00a0<\/p>","protected":false},"author":1,"featured_media":0,"parent":0,"menu_order":0,"comment_status":"closed","ping_status":"closed","template":"","meta":{"footnotes":""},"class_list":["post-10111","page","type-page","status-publish","hentry"],"_links":{"self":[{"href":"https:\/\/sanatplastik.com\/en\/wp-json\/wp\/v2\/pages\/10111","targetHints":{"allow":["GET"]}}],"collection":[{"href":"https:\/\/sanatplastik.com\/en\/wp-json\/wp\/v2\/pages"}],"about":[{"href":"https:\/\/sanatplastik.com\/en\/wp-json\/wp\/v2\/types\/page"}],"author":[{"embeddable":true,"href":"https:\/\/sanatplastik.com\/en\/wp-json\/wp\/v2\/users\/1"}],"replies":[{"embeddable":true,"href":"https:\/\/sanatplastik.com\/en\/wp-json\/wp\/v2\/comments?post=10111"}],"version-history":[{"count":25,"href":"https:\/\/sanatplastik.com\/en\/wp-json\/wp\/v2\/pages\/10111\/revisions"}],"predecessor-version":[{"id":10416,"href":"https:\/\/sanatplastik.com\/en\/wp-json\/wp\/v2\/pages\/10111\/revisions\/10416"}],"wp:attachment":[{"href":"https:\/\/sanatplastik.com\/en\/wp-json\/wp\/v2\/media?parent=10111"}],"curies":[{"name":"wp","href":"https:\/\/api.w.org\/{rel}","templated":true}]}}