{"id":10109,"date":"2023-01-26T14:57:40","date_gmt":"2023-01-26T14:57:40","guid":{"rendered":"https:\/\/sanatplastik.com\/?page_id=10109"},"modified":"2024-02-17T10:14:00","modified_gmt":"2024-02-17T10:14:00","slug":"fikstur-ve-poke-yoke-makine-imalati","status":"publish","type":"page","link":"https:\/\/sanatplastik.com\/en\/fikstur-ve-poke-yoke-makine-imalati\/","title":{"rendered":"Fixture and Poke &amp; Yoke Machine Manufacture"},"content":{"rendered":"<div data-elementor-type=\"wp-page\" data-elementor-id=\"10109\" class=\"elementor elementor-10109\">\n\t\t\t\t\t\t<div class=\"elementor-inner\">\n\t\t\t\t<div class=\"elementor-section-wrap\">\n\t\t\t\t\t\t\t\t\t<section class=\"elementor-section elementor-top-section elementor-element elementor-element-49f8eb1 elementor-section-boxed elementor-section-height-default elementor-section-height-default\" data-id=\"49f8eb1\" data-element_type=\"section\">\n\t\t\t\t\t\t<div class=\"elementor-container elementor-column-gap-default\">\n\t\t\t\t\t\t\t<div class=\"elementor-row\">\n\t\t\t\t\t<div class=\"elementor-column elementor-col-50 elementor-top-column elementor-element elementor-element-9855429\" data-id=\"9855429\" data-element_type=\"column\">\n\t\t\t<div class=\"elementor-column-wrap elementor-element-populated\">\n\t\t\t\t\t\t\t<div class=\"elementor-widget-wrap\">\n\t\t\t\t\t\t<div class=\"elementor-element elementor-element-f73ff84 elementor-widget elementor-widget-spacer\" data-id=\"f73ff84\" data-element_type=\"widget\" data-widget_type=\"spacer.default\">\n\t\t\t\t<div class=\"elementor-widget-container\">\n\t\t\t<style>\/*! elementor - v3.10.1 - 17-01-2023 *\/\n.elementor-column .elementor-spacer-inner{height:var(--spacer-size)}.e-con{--container-widget-width:100%}.e-con-inner>.elementor-widget-spacer,.e-con>.elementor-widget-spacer{width:var(--container-widget-width,var(--spacer-size));--align-self:var(--container-widget-align-self,initial);--flex-shrink:0}.e-con-inner>.elementor-widget-spacer>.elementor-widget-container,.e-con-inner>.elementor-widget-spacer>.elementor-widget-container>.elementor-spacer,.e-con>.elementor-widget-spacer>.elementor-widget-container,.e-con>.elementor-widget-spacer>.elementor-widget-container>.elementor-spacer{height:100%}.e-con-inner>.elementor-widget-spacer>.elementor-widget-container>.elementor-spacer>.elementor-spacer-inner,.e-con>.elementor-widget-spacer>.elementor-widget-container>.elementor-spacer>.elementor-spacer-inner{height:var(--container-widget-height,var(--spacer-size))}<\/style>\t\t<div class=\"elementor-spacer\">\n\t\t\t<div class=\"elementor-spacer-inner\"><\/div>\n\t\t<\/div>\n\t\t\t\t<\/div>\n\t\t\t\t<\/div>\n\t\t\t\t<div class=\"elementor-element elementor-element-069da8d elementor-widget elementor-widget-wgl-image-layers\" data-id=\"069da8d\" data-element_type=\"widget\" data-widget_type=\"wgl-image-layers.default\">\n\t\t\t\t<div class=\"elementor-widget-container\">\n\t\t\t<div class=\"wgl-image-layers\"><div class=\"img-layer_image-wrapper slide_right\" style=\"z-index: 2\">\n                <div class=\"img-layer_item\" style=\"transform: translate(0%, 0%);\">\n                    <div class=\"img-layer_image\" style=\"transition: all 800ms; transition-delay: 600ms;\">\n                        <img decoding=\"async\" src=\"https:\/\/sanatplastik.com\/wp-content\/uploads\/2024\/02\/fikstu.png\" alt=\"fikst\u00fc\" \/>\n                    <\/div>\n                <\/div>\n            <\/div> <\/div>\t\t<\/div>\n\t\t\t\t<\/div>\n\t\t\t\t<div class=\"elementor-element elementor-element-ce69527 elementor-widget elementor-widget-spacer\" data-id=\"ce69527\" data-element_type=\"widget\" data-widget_type=\"spacer.default\">\n\t\t\t\t<div class=\"elementor-widget-container\">\n\t\t\t\t\t<div class=\"elementor-spacer\">\n\t\t\t<div class=\"elementor-spacer-inner\"><\/div>\n\t\t<\/div>\n\t\t\t\t<\/div>\n\t\t\t\t<\/div>\n\t\t\t\t\t\t<\/div>\n\t\t\t\t\t<\/div>\n\t\t<\/div>\n\t\t\t\t<div class=\"elementor-column elementor-col-50 elementor-top-column elementor-element elementor-element-9a4b774\" data-id=\"9a4b774\" data-element_type=\"column\">\n\t\t\t<div class=\"elementor-column-wrap elementor-element-populated\">\n\t\t\t\t\t\t\t<div class=\"elementor-widget-wrap\">\n\t\t\t\t\t\t<div class=\"elementor-element elementor-element-8c2229c elementor-widget elementor-widget-wgl-double-headings\" data-id=\"8c2229c\" data-element_type=\"widget\" data-widget_type=\"wgl-double-headings.default\">\n\t\t\t\t<div class=\"elementor-widget-container\">\n\t\t\t<div class=\"wgl-double_heading aleft\"><div class=\"dbl-subtitle\"><span>SANAT PLASTIK<\/span><\/div>                <h3 class=\"dbl-title_wrapper\"><span class=\"dbl-title dbl-title_1\">Fikst\u00fcr Ve Poke & Yoke Makine \u0130malat\u0131\n<\/span>                 <\/h3>        <\/div>\t\t<\/div>\n\t\t\t\t<\/div>\n\t\t\t\t<div class=\"elementor-element elementor-element-fe21a5d elementor-widget elementor-widget-text-editor\" data-id=\"fe21a5d\" data-element_type=\"widget\" data-widget_type=\"text-editor.default\">\n\t\t\t\t<div class=\"elementor-widget-container\">\n\t\t\t<style>\/*! elementor - v3.10.1 - 17-01-2023 *\/\n.elementor-widget-text-editor.elementor-drop-cap-view-stacked .elementor-drop-cap{background-color:#818a91;color:#fff}.elementor-widget-text-editor.elementor-drop-cap-view-framed .elementor-drop-cap{color:#818a91;border:3px solid;background-color:transparent}.elementor-widget-text-editor:not(.elementor-drop-cap-view-default) .elementor-drop-cap{margin-top:8px}.elementor-widget-text-editor:not(.elementor-drop-cap-view-default) .elementor-drop-cap-letter{width:1em;height:1em}.elementor-widget-text-editor .elementor-drop-cap{float:left;text-align:center;line-height:1;font-size:50px}.elementor-widget-text-editor .elementor-drop-cap-letter{display:inline-block}<\/style>\t\t\t\t\t<div class=\"elementor-text-editor elementor-clearfix\">\n\t\t\t\t\t\t\t\t\t<\/div>\n\t\t\t\t\t\t<\/div>\n\t\t\t\t<\/div>\n\t\t\t\t<div class=\"elementor-element elementor-element-9f4dcd6 elementor-widget elementor-widget-text-editor\" data-id=\"9f4dcd6\" data-element_type=\"widget\" data-widget_type=\"text-editor.default\">\n\t\t\t\t<div class=\"elementor-widget-container\">\n\t\t\t\t\t\t\t\t<div class=\"elementor-text-editor elementor-clearfix\">\n\t\t\t\t<h6>Kontrol Fikst\u00fcr\u00fc Tasar\u0131m Ve \u0130malat\u0131<\/h6><div class=\"pobj obj-before\"><div class=\"twpara-row row-fluid\"><div id=\"SFwcJWpl\" class=\"span12 tw-para\"><div class=\"ptext\"><p><span>Firma, m\u00fc\u015fterilerini kalite kontrol hatlar\u0131nda efektif olarak kullanabilecekleri kontrol fikst\u00fcrlerini tasarlamaktya ve \u00fcretmektedir. Ayn\u0131 zamanda \u00fcretim sonras\u0131, m\u00fc\u015fterilerine yerinde t\u00fcm teknik deste\u011fi de vermektedir.\u00a0<\/span><\/p><\/div><\/div><\/div><div class=\"twpara-row row-fluid\"><div id=\"enoSDty0\" class=\"span12 tw-para\"><h6>Poke&amp;Yoke Makine Tasar\u0131m\u0131 Ve \u0130malat\u0131\u00a0<\/h6><div id=\"content\" class=\"container-fluid\"><div id=\"topic\" class=\"row-fluid\"><div id=\"topic-inner\"><div id=\"top-content\" class=\"span12\"><div class=\"twpara-row row-fluid\"><div id=\"enoSDty0\" class=\"span12 tw-para\"><div class=\"ptext\"><p><span>Sanat Plastik Kal\u0131p Firmas\u0131 m\u00fc\u015fteri gerekleri uyar\u0131nca, \u00f6zellikle otomotiv sekt\u00f6r\u00fc i\u00e7in i\u00e7 ve d\u0131\u015f plastik par\u00e7alar i\u00e7in bir \u00e7ok\u00a0Poke&amp;Yoke Makinesi tasarlamakta ve imal etmektedir.\u00a0\u00a0<\/span><\/p><\/div><\/div><\/div><\/div><\/div><\/div><\/div><footer><div id=\"footerfat\" class=\"row-fluid\"><div class=\"row-fluid\">\u00a0<\/div><\/div><\/footer><div class=\"pobj obj-before\">\u00a0<\/div><\/div><\/div><\/div>\t\t\t\t\t<\/div>\n\t\t\t\t\t\t<\/div>\n\t\t\t\t<\/div>\n\t\t\t\t\t\t<\/div>\n\t\t\t\t\t<\/div>\n\t\t<\/div>\n\t\t\t\t\t\t\t\t<\/div>\n\t\t\t\t\t<\/div>\n\t\t<\/section>\n\t\t\t\t\t\t\t\t\t<\/div>\n\t\t\t<\/div>\n\t\t\t\t\t<\/div>","protected":false},"excerpt":{"rendered":"<p>SANAT PLAST\u0130K Fikst\u00fcr Ve Poke &#038; Yoke Makine \u0130malat\u0131 Kontrol Fikst\u00fcr\u00fc Tasar\u0131m Ve \u0130malat\u0131 Firma, m\u00fc\u015fterilerini kalite kontrol hatlar\u0131nda efektif olarak kullanabilecekleri kontrol fikst\u00fcrlerini tasarlamaktya ve \u00fcretmektedir. Ayn\u0131 zamanda \u00fcretim sonras\u0131, m\u00fc\u015fterilerine yerinde t\u00fcm teknik deste\u011fi de vermektedir.\u00a0 Poke&amp;Yoke Makine Tasar\u0131m\u0131 Ve \u0130malat\u0131\u00a0 Sanat Plastik Kal\u0131p Firmas\u0131 m\u00fc\u015fteri gerekleri uyar\u0131nca, \u00f6zellikle otomotiv sekt\u00f6r\u00fc i\u00e7in i\u00e7 [&hellip;]<\/p>","protected":false},"author":1,"featured_media":0,"parent":0,"menu_order":0,"comment_status":"closed","ping_status":"closed","template":"","meta":{"footnotes":""},"class_list":["post-10109","page","type-page","status-publish","hentry"],"_links":{"self":[{"href":"https:\/\/sanatplastik.com\/en\/wp-json\/wp\/v2\/pages\/10109","targetHints":{"allow":["GET"]}}],"collection":[{"href":"https:\/\/sanatplastik.com\/en\/wp-json\/wp\/v2\/pages"}],"about":[{"href":"https:\/\/sanatplastik.com\/en\/wp-json\/wp\/v2\/types\/page"}],"author":[{"embeddable":true,"href":"https:\/\/sanatplastik.com\/en\/wp-json\/wp\/v2\/users\/1"}],"replies":[{"embeddable":true,"href":"https:\/\/sanatplastik.com\/en\/wp-json\/wp\/v2\/comments?post=10109"}],"version-history":[{"count":16,"href":"https:\/\/sanatplastik.com\/en\/wp-json\/wp\/v2\/pages\/10109\/revisions"}],"predecessor-version":[{"id":10336,"href":"https:\/\/sanatplastik.com\/en\/wp-json\/wp\/v2\/pages\/10109\/revisions\/10336"}],"wp:attachment":[{"href":"https:\/\/sanatplastik.com\/en\/wp-json\/wp\/v2\/media?parent=10109"}],"curies":[{"name":"wp","href":"https:\/\/api.w.org\/{rel}","templated":true}]}}