{"id":10107,"date":"2023-01-26T14:56:52","date_gmt":"2023-01-26T14:56:52","guid":{"rendered":"https:\/\/sanatplastik.com\/?page_id=10107"},"modified":"2024-02-26T09:31:43","modified_gmt":"2024-02-26T09:31:43","slug":"kalip-tasarim-ve-imalati","status":"publish","type":"page","link":"https:\/\/sanatplastik.com\/en\/kalip-tasarim-ve-imalati\/","title":{"rendered":"Tool Design &amp; Manufacture"},"content":{"rendered":"<div data-elementor-type=\"wp-page\" data-elementor-id=\"10107\" class=\"elementor elementor-10107\">\n\t\t\t\t\t\t<div class=\"elementor-inner\">\n\t\t\t\t<div class=\"elementor-section-wrap\">\n\t\t\t\t\t\t\t\t\t<section class=\"elementor-section elementor-top-section elementor-element elementor-element-56e18a1 elementor-section-boxed elementor-section-height-default elementor-section-height-default\" data-id=\"56e18a1\" data-element_type=\"section\">\n\t\t\t\t\t\t<div class=\"elementor-container elementor-column-gap-default\">\n\t\t\t\t\t\t\t<div class=\"elementor-row\">\n\t\t\t\t\t<div class=\"elementor-column elementor-col-50 elementor-top-column elementor-element elementor-element-0215e06\" data-id=\"0215e06\" data-element_type=\"column\">\n\t\t\t<div class=\"elementor-column-wrap elementor-element-populated\">\n\t\t\t\t\t\t\t<div class=\"elementor-widget-wrap\">\n\t\t\t\t\t\t<div class=\"elementor-element elementor-element-b15183c elementor-widget elementor-widget-spacer\" data-id=\"b15183c\" data-element_type=\"widget\" data-widget_type=\"spacer.default\">\n\t\t\t\t<div class=\"elementor-widget-container\">\n\t\t\t<style>\/*! elementor - v3.10.1 - 17-01-2023 *\/\n.elementor-column .elementor-spacer-inner{height:var(--spacer-size)}.e-con{--container-widget-width:100%}.e-con-inner>.elementor-widget-spacer,.e-con>.elementor-widget-spacer{width:var(--container-widget-width,var(--spacer-size));--align-self:var(--container-widget-align-self,initial);--flex-shrink:0}.e-con-inner>.elementor-widget-spacer>.elementor-widget-container,.e-con-inner>.elementor-widget-spacer>.elementor-widget-container>.elementor-spacer,.e-con>.elementor-widget-spacer>.elementor-widget-container,.e-con>.elementor-widget-spacer>.elementor-widget-container>.elementor-spacer{height:100%}.e-con-inner>.elementor-widget-spacer>.elementor-widget-container>.elementor-spacer>.elementor-spacer-inner,.e-con>.elementor-widget-spacer>.elementor-widget-container>.elementor-spacer>.elementor-spacer-inner{height:var(--container-widget-height,var(--spacer-size))}<\/style>\t\t<div class=\"elementor-spacer\">\n\t\t\t<div class=\"elementor-spacer-inner\"><\/div>\n\t\t<\/div>\n\t\t\t\t<\/div>\n\t\t\t\t<\/div>\n\t\t\t\t<div class=\"elementor-element elementor-element-49cd73f elementor-widget elementor-widget-wgl-image-layers\" data-id=\"49cd73f\" data-element_type=\"widget\" data-widget_type=\"wgl-image-layers.default\">\n\t\t\t\t<div class=\"elementor-widget-container\">\n\t\t\t<div class=\"wgl-image-layers\"><div class=\"img-layer_image-wrapper slide_right\" style=\"z-index: 2\">\n                <div class=\"img-layer_item\" style=\"transform: translate(0%, 0%);\">\n                    <div class=\"img-layer_image\" style=\"transition: all 800ms; transition-delay: 600ms;\">\n                        <img decoding=\"async\" src=\"https:\/\/sanatplastik.com\/wp-content\/uploads\/2024\/02\/kalip.png\" alt=\"kalip\" \/>\n                    <\/div>\n                <\/div>\n            <\/div> <\/div>\t\t<\/div>\n\t\t\t\t<\/div>\n\t\t\t\t<div class=\"elementor-element elementor-element-b54e309 elementor-widget elementor-widget-spacer\" data-id=\"b54e309\" data-element_type=\"widget\" data-widget_type=\"spacer.default\">\n\t\t\t\t<div class=\"elementor-widget-container\">\n\t\t\t\t\t<div class=\"elementor-spacer\">\n\t\t\t<div class=\"elementor-spacer-inner\"><\/div>\n\t\t<\/div>\n\t\t\t\t<\/div>\n\t\t\t\t<\/div>\n\t\t\t\t\t\t<\/div>\n\t\t\t\t\t<\/div>\n\t\t<\/div>\n\t\t\t\t<div class=\"elementor-column elementor-col-50 elementor-top-column elementor-element elementor-element-66d0faf\" data-id=\"66d0faf\" data-element_type=\"column\">\n\t\t\t<div class=\"elementor-column-wrap elementor-element-populated\">\n\t\t\t\t\t\t\t<div class=\"elementor-widget-wrap\">\n\t\t\t\t\t\t<div class=\"elementor-element elementor-element-4b567d0 elementor-widget elementor-widget-wgl-double-headings\" data-id=\"4b567d0\" data-element_type=\"widget\" data-widget_type=\"wgl-double-headings.default\">\n\t\t\t\t<div class=\"elementor-widget-container\">\n\t\t\t<div class=\"wgl-double_heading aleft\"><div class=\"dbl-subtitle\"><span>SANAT PLASTIK<\/span><\/div>                <h3 class=\"dbl-title_wrapper\"><span class=\"dbl-title dbl-title_1\">Tool Design &amp; Manufacture\n<\/span>                 <\/h3>        <\/div>\t\t<\/div>\n\t\t\t\t<\/div>\n\t\t\t\t<div class=\"elementor-element elementor-element-ec75318 elementor-widget elementor-widget-text-editor\" data-id=\"ec75318\" data-element_type=\"widget\" data-widget_type=\"text-editor.default\">\n\t\t\t\t<div class=\"elementor-widget-container\">\n\t\t\t<style>\/*! elementor - v3.10.1 - 17-01-2023 *\/\n.elementor-widget-text-editor.elementor-drop-cap-view-stacked .elementor-drop-cap{background-color:#818a91;color:#fff}.elementor-widget-text-editor.elementor-drop-cap-view-framed .elementor-drop-cap{color:#818a91;border:3px solid;background-color:transparent}.elementor-widget-text-editor:not(.elementor-drop-cap-view-default) .elementor-drop-cap{margin-top:8px}.elementor-widget-text-editor:not(.elementor-drop-cap-view-default) .elementor-drop-cap-letter{width:1em;height:1em}.elementor-widget-text-editor .elementor-drop-cap{float:left;text-align:center;line-height:1;font-size:50px}.elementor-widget-text-editor .elementor-drop-cap-letter{display:inline-block}<\/style>\t\t\t\t\t<div class=\"elementor-text-editor elementor-clearfix\">\n\t\t\t\t<h6>\u00a0<\/h6><h6>Kontrol Fikst\u00fcr\u00fc Tasar\u0131m Ve \u0130malat\u0131<\/h6><div class=\"pobj obj-before\"><div class=\"twpara-row row-fluid\"><div id=\"SFwcJWpl\" class=\"span12 tw-para\"><div class=\"ptext\"><p style=\"text-align: justify;\"><span>Firma, m\u00fc\u015fterilerini kalite kontrol hatlar\u0131nda efektif olarak kullanabilecekleri kontrol fikst\u00fcrlerini tasarlamaktya ve \u00fcretmektedir. Ayn\u0131 zamanda \u00fcretim sonras\u0131, m\u00fc\u015fterilerine yerinde t\u00fcm teknik deste\u011fi de vermektedir.\u00a0<\/span><\/p><\/div><\/div><\/div><div class=\"twpara-row row-fluid\"><div id=\"enoSDty0\" class=\"span12 tw-para\"><h6>Poke&amp;Yoke Makine Tasar\u0131m\u0131 Ve \u0130malat\u0131\u00a0<\/h6><div class=\"pobj obj-before\"><div id=\"content\" class=\"container-fluid\"><div id=\"topic\" class=\"row-fluid\"><div id=\"topic-inner\"><div id=\"top-content\" class=\"span12\"><div class=\"twpara-row row-fluid\"><div id=\"enoSDty0\" class=\"span12 tw-para\"><div class=\"ptext\"><p><span>Sanat Plastik Kal\u0131p Firmas\u0131 m\u00fc\u015fteri gerekleri uyar\u0131nca, \u00f6zellikle otomotiv sekt\u00f6r\u00fc i\u00e7in i\u00e7 ve d\u0131\u015f plastik par\u00e7alar i\u00e7in bir \u00e7ok\u00a0Poke&amp;Yoke Makinesi tasarlamakta ve imal etmektedir.\u00a0\u00a0<\/span><\/p><\/div><\/div><\/div><\/div><\/div><\/div><\/div><footer><div id=\"footerfat\" class=\"row-fluid\"><div class=\"row-fluid\">\u00a0<\/div><\/div><\/footer><\/div><\/div><\/div><\/div><div class=\"ptext\"><div class=\"twpara-row row-fluid\"><div id=\"xONDIoBA\" class=\"span12 tw-para\"><div class=\"ptext\"><h6>\u00a0<\/h6><div id=\"content\" class=\"container-fluid\"><div id=\"topic\" class=\"row-fluid\"><div id=\"topic-inner\"><div id=\"top-content\" class=\"span12\"><div class=\"twpara-row row-fluid\"><div id=\"ZpH8SySA\" class=\"span12 tw-para\"><div class=\"ptext\"><p>\u00a0<\/p><\/div><\/div><\/div><\/div><\/div><\/div><\/div><footer><div id=\"footerfat\" class=\"row-fluid\"><div class=\"row-fluid\">\u00a0<\/div><\/div><\/footer><div class=\"pobj obj-before\">\u00a0<\/div><\/div><\/div><\/div><div class=\"twpara-row row-fluid\"><div id=\"ZpH8SySA\" class=\"span12 tw-para\">\u00a0<\/div><\/div><\/div>\t\t\t\t\t<\/div>\n\t\t\t\t\t\t<\/div>\n\t\t\t\t<\/div>\n\t\t\t\t\t\t<\/div>\n\t\t\t\t\t<\/div>\n\t\t<\/div>\n\t\t\t\t\t\t\t\t<\/div>\n\t\t\t\t\t<\/div>\n\t\t<\/section>\n\t\t\t\t<section class=\"elementor-section elementor-top-section elementor-element elementor-element-96f6c06 elementor-section-boxed elementor-section-height-default elementor-section-height-default\" data-id=\"96f6c06\" data-element_type=\"section\">\n\t\t\t\t\t\t<div class=\"elementor-container elementor-column-gap-default\">\n\t\t\t\t\t\t\t<div class=\"elementor-row\">\n\t\t\t\t\t<div class=\"elementor-column elementor-col-100 elementor-top-column elementor-element elementor-element-9c9938a\" data-id=\"9c9938a\" data-element_type=\"column\">\n\t\t\t<div class=\"elementor-column-wrap elementor-element-populated\">\n\t\t\t\t\t\t\t<div class=\"elementor-widget-wrap\">\n\t\t\t\t\t\t<div class=\"elementor-element elementor-element-af58146 elementor-widget elementor-widget-image-gallery\" data-id=\"af58146\" data-element_type=\"widget\" data-widget_type=\"image-gallery.default\">\n\t\t\t\t<div class=\"elementor-widget-container\">\n\t\t\t<style>\/*! elementor - v3.10.1 - 17-01-2023 *\/\n.elementor-image-gallery .gallery-item{display:inline-block;text-align:center;vertical-align:top;width:100%;max-width:100%;margin:0 auto}.elementor-image-gallery .gallery-item img{margin:0 auto}.elementor-image-gallery .gallery-item .gallery-caption{margin:0}.elementor-image-gallery figure img{display:block}.elementor-image-gallery figure figcaption{width:100%}.gallery-spacing-custom .elementor-image-gallery .gallery-icon{padding:0}@media (min-width:768px){.elementor-image-gallery .gallery-columns-2 .gallery-item{max-width:50%}.elementor-image-gallery .gallery-columns-3 .gallery-item{max-width:33.33%}.elementor-image-gallery .gallery-columns-4 .gallery-item{max-width:25%}.elementor-image-gallery .gallery-columns-5 .gallery-item{max-width:20%}.elementor-image-gallery .gallery-columns-6 .gallery-item{max-width:16.666%}.elementor-image-gallery .gallery-columns-7 .gallery-item{max-width:14.28%}.elementor-image-gallery .gallery-columns-8 .gallery-item{max-width:12.5%}.elementor-image-gallery .gallery-columns-9 .gallery-item{max-width:11.11%}.elementor-image-gallery .gallery-columns-10 .gallery-item{max-width:10%}}@media (min-width:480px) and (max-width:767px){.elementor-image-gallery .gallery.gallery-columns-2 .gallery-item,.elementor-image-gallery .gallery.gallery-columns-3 .gallery-item,.elementor-image-gallery .gallery.gallery-columns-4 .gallery-item,.elementor-image-gallery .gallery.gallery-columns-5 .gallery-item,.elementor-image-gallery .gallery.gallery-columns-6 .gallery-item,.elementor-image-gallery .gallery.gallery-columns-7 .gallery-item,.elementor-image-gallery .gallery.gallery-columns-8 .gallery-item,.elementor-image-gallery .gallery.gallery-columns-9 .gallery-item,.elementor-image-gallery .gallery.gallery-columns-10 .gallery-item{max-width:50%}}@media (max-width:479px){.elementor-image-gallery .gallery.gallery-columns-2 .gallery-item,.elementor-image-gallery .gallery.gallery-columns-3 .gallery-item,.elementor-image-gallery .gallery.gallery-columns-4 .gallery-item,.elementor-image-gallery .gallery.gallery-columns-5 .gallery-item,.elementor-image-gallery .gallery.gallery-columns-6 .gallery-item,.elementor-image-gallery .gallery.gallery-columns-7 .gallery-item,.elementor-image-gallery .gallery.gallery-columns-8 .gallery-item,.elementor-image-gallery .gallery.gallery-columns-9 .gallery-item,.elementor-image-gallery .gallery.gallery-columns-10 .gallery-item{max-width:100%}}<\/style>\t\t<div class=\"elementor-image-gallery\">\n\t\t\t\n\t\t<style type=\"text\/css\">\n\t\t\t#gallery-1 {\n\t\t\t\tmargin: auto;\n\t\t\t}\n\t\t\t#gallery-1 .gallery-item {\n\t\t\t\tfloat: left;\n\t\t\t\tmargin-top: 10px;\n\t\t\t\ttext-align: center;\n\t\t\t\twidth: 50%;\n\t\t\t}\n\t\t\t#gallery-1 img {\n\t\t\t\tborder: 2px solid #cfcfcf;\n\t\t\t}\n\t\t\t#gallery-1 .gallery-caption {\n\t\t\t\tmargin-left: 0;\n\t\t\t}\n\t\t\t\/* see gallery_shortcode() in wp-includes\/media.php *\/\n\t\t<\/style>\n\t\t<div id='gallery-1' class='gallery galleryid-10107 gallery-columns-2 gallery-size-full'><dl class='gallery-item'>\n\t\t\t<dt class='gallery-icon landscape'>\n\t\t\t\t<a data-elementor-open-lightbox=\"yes\" data-elementor-lightbox-slideshow=\"af58146\" data-elementor-lightbox-title=\"3\" e-action-hash=\"#elementor-action%3Aaction%3Dlightbox%26settings%3DeyJpZCI6MTAzNjIsInVybCI6Imh0dHBzOlwvXC9zYW5hdHBsYXN0aWsuY29tXC93cC1jb250ZW50XC91cGxvYWRzXC8yMDI0XC8wMlwvMy0xLnBuZyIsInNsaWRlc2hvdyI6ImFmNTgxNDYifQ%3D%3D\" href='https:\/\/sanatplastik.com\/wp-content\/uploads\/2024\/02\/3-1.png'><img loading=\"lazy\" decoding=\"async\" width=\"1080\" height=\"720\" src=\"https:\/\/sanatplastik.com\/wp-content\/uploads\/2024\/02\/3-1.png\" class=\"attachment-full size-full\" alt=\"\" srcset=\"https:\/\/sanatplastik.com\/wp-content\/uploads\/2024\/02\/3-1.png 1080w, https:\/\/sanatplastik.com\/wp-content\/uploads\/2024\/02\/3-1-1024x683.png 1024w, https:\/\/sanatplastik.com\/wp-content\/uploads\/2024\/02\/3-1-768x512.png 768w, https:\/\/sanatplastik.com\/wp-content\/uploads\/2024\/02\/3-1-18x12.png 18w\" sizes=\"auto, (max-width: 1080px) 100vw, 1080px\" \/><\/a>\n\t\t\t<\/dt><\/dl><dl class='gallery-item'>\n\t\t\t<dt class='gallery-icon landscape'>\n\t\t\t\t<a data-elementor-open-lightbox=\"yes\" data-elementor-lightbox-slideshow=\"af58146\" data-elementor-lightbox-title=\"2\" e-action-hash=\"#elementor-action%3Aaction%3Dlightbox%26settings%3DeyJpZCI6MTAzNjMsInVybCI6Imh0dHBzOlwvXC9zYW5hdHBsYXN0aWsuY29tXC93cC1jb250ZW50XC91cGxvYWRzXC8yMDI0XC8wMlwvMi0xLWUxNzA4OTM5ODg3NDUyLnBuZyIsInNsaWRlc2hvdyI6ImFmNTgxNDYifQ%3D%3D\" href='https:\/\/sanatplastik.com\/wp-content\/uploads\/2024\/02\/2-1-e1708939887452.png'><img loading=\"lazy\" decoding=\"async\" width=\"399\" height=\"318\" src=\"https:\/\/sanatplastik.com\/wp-content\/uploads\/2024\/02\/2-1-e1708939887452.png\" class=\"attachment-full size-full\" alt=\"\" srcset=\"https:\/\/sanatplastik.com\/wp-content\/uploads\/2024\/02\/2-1-e1708939887452.png 399w, https:\/\/sanatplastik.com\/wp-content\/uploads\/2024\/02\/2-1-e1708939887452-15x12.png 15w\" sizes=\"auto, (max-width: 399px) 100vw, 399px\" \/><\/a>\n\t\t\t<\/dt><\/dl><br style=\"clear: both\" \/><dl class='gallery-item'>\n\t\t\t<dt class='gallery-icon landscape'>\n\t\t\t\t<a data-elementor-open-lightbox=\"yes\" data-elementor-lightbox-slideshow=\"af58146\" data-elementor-lightbox-title=\"1\" e-action-hash=\"#elementor-action%3Aaction%3Dlightbox%26settings%3DeyJpZCI6MTAzNjQsInVybCI6Imh0dHBzOlwvXC9zYW5hdHBsYXN0aWsuY29tXC93cC1jb250ZW50XC91cGxvYWRzXC8yMDI0XC8wMlwvMS0xLnBuZyIsInNsaWRlc2hvdyI6ImFmNTgxNDYifQ%3D%3D\" href='https:\/\/sanatplastik.com\/wp-content\/uploads\/2024\/02\/1-1.png'><img loading=\"lazy\" decoding=\"async\" width=\"1080\" height=\"720\" src=\"https:\/\/sanatplastik.com\/wp-content\/uploads\/2024\/02\/1-1.png\" class=\"attachment-full size-full\" alt=\"\" srcset=\"https:\/\/sanatplastik.com\/wp-content\/uploads\/2024\/02\/1-1.png 1080w, https:\/\/sanatplastik.com\/wp-content\/uploads\/2024\/02\/1-1-1024x683.png 1024w, https:\/\/sanatplastik.com\/wp-content\/uploads\/2024\/02\/1-1-768x512.png 768w, https:\/\/sanatplastik.com\/wp-content\/uploads\/2024\/02\/1-1-18x12.png 18w\" sizes=\"auto, (max-width: 1080px) 100vw, 1080px\" \/><\/a>\n\t\t\t<\/dt><\/dl><dl class='gallery-item'>\n\t\t\t<dt class='gallery-icon landscape'>\n\t\t\t\t<a data-elementor-open-lightbox=\"yes\" data-elementor-lightbox-slideshow=\"af58146\" data-elementor-lightbox-title=\"4\" e-action-hash=\"#elementor-action%3Aaction%3Dlightbox%26settings%3DeyJpZCI6MTAzNjUsInVybCI6Imh0dHBzOlwvXC9zYW5hdHBsYXN0aWsuY29tXC93cC1jb250ZW50XC91cGxvYWRzXC8yMDI0XC8wMlwvNC0xLnBuZyIsInNsaWRlc2hvdyI6ImFmNTgxNDYifQ%3D%3D\" href='https:\/\/sanatplastik.com\/wp-content\/uploads\/2024\/02\/4-1.png'><img loading=\"lazy\" decoding=\"async\" width=\"1080\" height=\"720\" src=\"https:\/\/sanatplastik.com\/wp-content\/uploads\/2024\/02\/4-1.png\" class=\"attachment-full size-full\" alt=\"\" srcset=\"https:\/\/sanatplastik.com\/wp-content\/uploads\/2024\/02\/4-1.png 1080w, https:\/\/sanatplastik.com\/wp-content\/uploads\/2024\/02\/4-1-1024x683.png 1024w, https:\/\/sanatplastik.com\/wp-content\/uploads\/2024\/02\/4-1-768x512.png 768w, https:\/\/sanatplastik.com\/wp-content\/uploads\/2024\/02\/4-1-18x12.png 18w\" sizes=\"auto, (max-width: 1080px) 100vw, 1080px\" \/><\/a>\n\t\t\t<\/dt><\/dl><br style=\"clear: both\" \/>\n\t\t<\/div>\n\t\t<\/div>\n\t\t\t\t<\/div>\n\t\t\t\t<\/div>\n\t\t\t\t\t\t<\/div>\n\t\t\t\t\t<\/div>\n\t\t<\/div>\n\t\t\t\t\t\t\t\t<\/div>\n\t\t\t\t\t<\/div>\n\t\t<\/section>\n\t\t\t\t\t\t\t\t\t<\/div>\n\t\t\t<\/div>\n\t\t\t\t\t<\/div>","protected":false},"excerpt":{"rendered":"<p>SANAT PLAST\u0130K Kal\u0131p Tasar\u0131m ve \u0130malat\u0131 \u00a0 Kontrol Fikst\u00fcr\u00fc Tasar\u0131m Ve \u0130malat\u0131 Firma, m\u00fc\u015fterilerini kalite kontrol hatlar\u0131nda efektif olarak kullanabilecekleri kontrol fikst\u00fcrlerini tasarlamaktya ve \u00fcretmektedir. Ayn\u0131 zamanda \u00fcretim sonras\u0131, m\u00fc\u015fterilerine yerinde t\u00fcm teknik deste\u011fi de vermektedir.\u00a0 Poke&amp;Yoke Makine Tasar\u0131m\u0131 Ve \u0130malat\u0131\u00a0 Sanat Plastik Kal\u0131p Firmas\u0131 m\u00fc\u015fteri gerekleri uyar\u0131nca, \u00f6zellikle otomotiv sekt\u00f6r\u00fc i\u00e7in i\u00e7 ve d\u0131\u015f [&hellip;]<\/p>","protected":false},"author":1,"featured_media":0,"parent":0,"menu_order":0,"comment_status":"closed","ping_status":"closed","template":"","meta":{"footnotes":""},"class_list":["post-10107","page","type-page","status-publish","hentry"],"_links":{"self":[{"href":"https:\/\/sanatplastik.com\/en\/wp-json\/wp\/v2\/pages\/10107","targetHints":{"allow":["GET"]}}],"collection":[{"href":"https:\/\/sanatplastik.com\/en\/wp-json\/wp\/v2\/pages"}],"about":[{"href":"https:\/\/sanatplastik.com\/en\/wp-json\/wp\/v2\/types\/page"}],"author":[{"embeddable":true,"href":"https:\/\/sanatplastik.com\/en\/wp-json\/wp\/v2\/users\/1"}],"replies":[{"embeddable":true,"href":"https:\/\/sanatplastik.com\/en\/wp-json\/wp\/v2\/comments?post=10107"}],"version-history":[{"count":34,"href":"https:\/\/sanatplastik.com\/en\/wp-json\/wp\/v2\/pages\/10107\/revisions"}],"predecessor-version":[{"id":10413,"href":"https:\/\/sanatplastik.com\/en\/wp-json\/wp\/v2\/pages\/10107\/revisions\/10413"}],"wp:attachment":[{"href":"https:\/\/sanatplastik.com\/en\/wp-json\/wp\/v2\/media?parent=10107"}],"curies":[{"name":"wp","href":"https:\/\/api.w.org\/{rel}","templated":true}]}}