{"id":10105,"date":"2023-01-26T14:55:59","date_gmt":"2023-01-26T14:55:59","guid":{"rendered":"https:\/\/sanatplastik.com\/?page_id=10105"},"modified":"2024-02-26T09:40:37","modified_gmt":"2024-02-26T09:40:37","slug":"plastik-enjeksiyon","status":"publish","type":"page","link":"https:\/\/sanatplastik.com\/en\/plastik-enjeksiyon\/","title":{"rendered":"Plastic Injection"},"content":{"rendered":"<div data-elementor-type=\"wp-page\" data-elementor-id=\"10105\" class=\"elementor elementor-10105\">\n\t\t\t\t\t\t<div class=\"elementor-inner\">\n\t\t\t\t<div class=\"elementor-section-wrap\">\n\t\t\t\t\t\t\t\t\t<section class=\"elementor-section elementor-top-section elementor-element elementor-element-d97e600 elementor-section-boxed elementor-section-height-default elementor-section-height-default\" data-id=\"d97e600\" data-element_type=\"section\">\n\t\t\t\t\t\t<div class=\"elementor-container elementor-column-gap-default\">\n\t\t\t\t\t\t\t<div class=\"elementor-row\">\n\t\t\t\t\t<div class=\"elementor-column elementor-col-100 elementor-top-column elementor-element elementor-element-dcfa0cb\" data-id=\"dcfa0cb\" data-element_type=\"column\">\n\t\t\t<div class=\"elementor-column-wrap elementor-element-populated\">\n\t\t\t\t\t\t\t<div class=\"elementor-widget-wrap\">\n\t\t\t\t\t\t<div class=\"elementor-element elementor-element-f036cfe elementor-widget elementor-widget-spacer\" data-id=\"f036cfe\" data-element_type=\"widget\" data-widget_type=\"spacer.default\">\n\t\t\t\t<div class=\"elementor-widget-container\">\n\t\t\t<style>\/*! elementor - v3.10.1 - 17-01-2023 *\/\n.elementor-column .elementor-spacer-inner{height:var(--spacer-size)}.e-con{--container-widget-width:100%}.e-con-inner>.elementor-widget-spacer,.e-con>.elementor-widget-spacer{width:var(--container-widget-width,var(--spacer-size));--align-self:var(--container-widget-align-self,initial);--flex-shrink:0}.e-con-inner>.elementor-widget-spacer>.elementor-widget-container,.e-con-inner>.elementor-widget-spacer>.elementor-widget-container>.elementor-spacer,.e-con>.elementor-widget-spacer>.elementor-widget-container,.e-con>.elementor-widget-spacer>.elementor-widget-container>.elementor-spacer{height:100%}.e-con-inner>.elementor-widget-spacer>.elementor-widget-container>.elementor-spacer>.elementor-spacer-inner,.e-con>.elementor-widget-spacer>.elementor-widget-container>.elementor-spacer>.elementor-spacer-inner{height:var(--container-widget-height,var(--spacer-size))}<\/style>\t\t<div class=\"elementor-spacer\">\n\t\t\t<div class=\"elementor-spacer-inner\"><\/div>\n\t\t<\/div>\n\t\t\t\t<\/div>\n\t\t\t\t<\/div>\n\t\t\t\t\t\t<\/div>\n\t\t\t\t\t<\/div>\n\t\t<\/div>\n\t\t\t\t\t\t\t\t<\/div>\n\t\t\t\t\t<\/div>\n\t\t<\/section>\n\t\t\t\t<section class=\"elementor-section elementor-top-section elementor-element elementor-element-1d4d379 elementor-section-boxed elementor-section-height-default elementor-section-height-default\" data-id=\"1d4d379\" data-element_type=\"section\">\n\t\t\t\t\t\t<div class=\"elementor-container elementor-column-gap-default\">\n\t\t\t\t\t\t\t<div class=\"elementor-row\">\n\t\t\t\t\t<div class=\"elementor-column elementor-col-50 elementor-top-column elementor-element elementor-element-72cfcd9\" data-id=\"72cfcd9\" data-element_type=\"column\">\n\t\t\t<div class=\"elementor-column-wrap elementor-element-populated\">\n\t\t\t\t\t\t\t<div class=\"elementor-widget-wrap\">\n\t\t\t\t\t\t<div class=\"elementor-element elementor-element-afed7f8 elementor-widget elementor-widget-spacer\" data-id=\"afed7f8\" data-element_type=\"widget\" data-widget_type=\"spacer.default\">\n\t\t\t\t<div class=\"elementor-widget-container\">\n\t\t\t\t\t<div class=\"elementor-spacer\">\n\t\t\t<div class=\"elementor-spacer-inner\"><\/div>\n\t\t<\/div>\n\t\t\t\t<\/div>\n\t\t\t\t<\/div>\n\t\t\t\t<div class=\"elementor-element elementor-element-7a49eb4 elementor-widget elementor-widget-wgl-image-layers\" data-id=\"7a49eb4\" data-element_type=\"widget\" data-widget_type=\"wgl-image-layers.default\">\n\t\t\t\t<div class=\"elementor-widget-container\">\n\t\t\t<div class=\"wgl-image-layers\"><div class=\"img-layer_image-wrapper slide_right\" style=\"z-index: 2\">\n                <div class=\"img-layer_item\" style=\"transform: translate(0%, 0%);\">\n                    <div class=\"img-layer_image\" style=\"transition: all 800ms; transition-delay: 600ms;\">\n                        <img decoding=\"async\" src=\"https:\/\/sanatplastik.com\/wp-content\/uploads\/2024\/02\/sanat-1.png\" alt=\"sanat\" \/>\n                    <\/div>\n                <\/div>\n            <\/div> <\/div>\t\t<\/div>\n\t\t\t\t<\/div>\n\t\t\t\t<div class=\"elementor-element elementor-element-e4b2866 elementor-widget elementor-widget-spacer\" data-id=\"e4b2866\" data-element_type=\"widget\" data-widget_type=\"spacer.default\">\n\t\t\t\t<div class=\"elementor-widget-container\">\n\t\t\t\t\t<div class=\"elementor-spacer\">\n\t\t\t<div class=\"elementor-spacer-inner\"><\/div>\n\t\t<\/div>\n\t\t\t\t<\/div>\n\t\t\t\t<\/div>\n\t\t\t\t\t\t<\/div>\n\t\t\t\t\t<\/div>\n\t\t<\/div>\n\t\t\t\t<div class=\"elementor-column elementor-col-50 elementor-top-column elementor-element elementor-element-1224b9e\" data-id=\"1224b9e\" data-element_type=\"column\">\n\t\t\t<div class=\"elementor-column-wrap elementor-element-populated\">\n\t\t\t\t\t\t\t<div class=\"elementor-widget-wrap\">\n\t\t\t\t\t\t<div class=\"elementor-element elementor-element-1fcd541 elementor-widget elementor-widget-wgl-double-headings\" data-id=\"1fcd541\" data-element_type=\"widget\" data-widget_type=\"wgl-double-headings.default\">\n\t\t\t\t<div class=\"elementor-widget-container\">\n\t\t\t<div class=\"wgl-double_heading aleft\"><div class=\"dbl-subtitle\"><span>SANAT PLASTIK<\/span><\/div>                <h3 class=\"dbl-title_wrapper\"><span class=\"dbl-title dbl-title_1\">Plastic Injection\n<\/span>                 <\/h3>        <\/div>\t\t<\/div>\n\t\t\t\t<\/div>\n\t\t\t\t<div class=\"elementor-element elementor-element-eee469c elementor-widget elementor-widget-text-editor\" data-id=\"eee469c\" data-element_type=\"widget\" data-widget_type=\"text-editor.default\">\n\t\t\t\t<div class=\"elementor-widget-container\">\n\t\t\t<style>\/*! elementor - v3.10.1 - 17-01-2023 *\/\n.elementor-widget-text-editor.elementor-drop-cap-view-stacked .elementor-drop-cap{background-color:#818a91;color:#fff}.elementor-widget-text-editor.elementor-drop-cap-view-framed .elementor-drop-cap{color:#818a91;border:3px solid;background-color:transparent}.elementor-widget-text-editor:not(.elementor-drop-cap-view-default) .elementor-drop-cap{margin-top:8px}.elementor-widget-text-editor:not(.elementor-drop-cap-view-default) .elementor-drop-cap-letter{width:1em;height:1em}.elementor-widget-text-editor .elementor-drop-cap{float:left;text-align:center;line-height:1;font-size:50px}.elementor-widget-text-editor .elementor-drop-cap-letter{display:inline-block}<\/style>\t\t\t\t\t<div class=\"elementor-text-editor elementor-clearfix\">\n\t\t\t\t<div id=\"content\" class=\"container-fluid\"><div id=\"topic\" class=\"row-fluid\"><div id=\"topic-inner\"><div id=\"top-content\" class=\"span12\"><div class=\"twpara-row row-fluid\"><div id=\"KeiGUPf5\" class=\"span12 tw-para\"><div class=\"ptext\"><p style=\"text-align: justify;\">Sanat Plastik Kal\u0131p,\u00a0otomotiv ve beya\u015f e\u015fya end\u00fcstrisi i\u00e7in i\u00e7 d\u0131\u015f, g\u00f6rsel plastik par\u00e7alar i\u00e7in numune, prototip veya seri \u00fcretim s\u00fcre\u00e7lerini takip etmektedir. Firma, \u00e7ok uluslu birinci seviye otomotiv tedarik\u00e7i firmalar\u0131na hizmet vermektedir.\u00a0<\/p><\/div><\/div><\/div><\/div><\/div><\/div><\/div><footer><div id=\"footerfat\" class=\"row-fluid\"><div class=\"row-fluid\" style=\"text-align: justify;\">\u00a0<\/div><\/div><\/footer>\t\t\t\t\t<\/div>\n\t\t\t\t\t\t<\/div>\n\t\t\t\t<\/div>\n\t\t\t\t\t\t<\/div>\n\t\t\t\t\t<\/div>\n\t\t<\/div>\n\t\t\t\t\t\t\t\t<\/div>\n\t\t\t\t\t<\/div>\n\t\t<\/section>\n\t\t\t\t\t\t\t\t\t<\/div>\n\t\t\t<\/div>\n\t\t\t\t\t<\/div>","protected":false},"excerpt":{"rendered":"<p>SANAT PLAST\u0130K Plastik Enjeksiyon Sanat Plastik Kal\u0131p,\u00a0otomotiv ve beya\u015f e\u015fya end\u00fcstrisi i\u00e7in i\u00e7 d\u0131\u015f, g\u00f6rsel plastik par\u00e7alar i\u00e7in numune, prototip veya seri \u00fcretim s\u00fcre\u00e7lerini takip etmektedir. Firma, \u00e7ok uluslu birinci seviye otomotiv tedarik\u00e7i firmalar\u0131na hizmet vermektedir.\u00a0 \u00a0<\/p>","protected":false},"author":1,"featured_media":0,"parent":0,"menu_order":0,"comment_status":"closed","ping_status":"closed","template":"","meta":{"footnotes":""},"class_list":["post-10105","page","type-page","status-publish","hentry"],"_links":{"self":[{"href":"https:\/\/sanatplastik.com\/en\/wp-json\/wp\/v2\/pages\/10105","targetHints":{"allow":["GET"]}}],"collection":[{"href":"https:\/\/sanatplastik.com\/en\/wp-json\/wp\/v2\/pages"}],"about":[{"href":"https:\/\/sanatplastik.com\/en\/wp-json\/wp\/v2\/types\/page"}],"author":[{"embeddable":true,"href":"https:\/\/sanatplastik.com\/en\/wp-json\/wp\/v2\/users\/1"}],"replies":[{"embeddable":true,"href":"https:\/\/sanatplastik.com\/en\/wp-json\/wp\/v2\/comments?post=10105"}],"version-history":[{"count":13,"href":"https:\/\/sanatplastik.com\/en\/wp-json\/wp\/v2\/pages\/10105\/revisions"}],"predecessor-version":[{"id":10431,"href":"https:\/\/sanatplastik.com\/en\/wp-json\/wp\/v2\/pages\/10105\/revisions\/10431"}],"wp:attachment":[{"href":"https:\/\/sanatplastik.com\/en\/wp-json\/wp\/v2\/media?parent=10105"}],"curies":[{"name":"wp","href":"https:\/\/api.w.org\/{rel}","templated":true}]}}